{"id":36429,"date":"2020-10-22T14:23:03","date_gmt":"2020-10-22T18:23:03","guid":{"rendered":"https:\/\/gravitzero.com\/produit\/formation-theorique-en-classe-virtuelle-a-distance-travail-en-hauteur-formation-generale-4-novembre-2020\/"},"modified":"2020-10-29T15:48:17","modified_gmt":"2020-10-29T19:48:17","slug":"formation-theorique-en-classe-virtuelle-a-distance-travail-en-hauteur-formation-generale-4-novembre-2020","status":"publish","type":"product","link":"https:\/\/gravitzero.com\/en\/produit\/formation-theorique-en-classe-virtuelle-a-distance-travail-en-hauteur-formation-generale-4-novembre-2020\/","title":{"rendered":"Formation th\u00e9orique en classe virtuelle (\u00e0 distance) &#8211; Travail en hauteur &#8211; Formation g\u00e9n\u00e9rale (12 novembre 2020)"},"content":{"rendered":"","protected":false},"excerpt":{"rendered":"","protected":false},"featured_media":0,"template":"","meta":{"_acf_changed":false,"_price":"100","_stock":"2","_tribe_ticket_header":"","_tribe_default_ticket_provider":"","_ticket_start_date":"2020-10-22 00:00:00","_ticket_end_date":"2020-11-12 08:30:00","_tribe_ticket_show_description":"yes","_tribe_ticket_show_not_going":false,"_tribe_ticket_use_global_stock":"","_tribe_ticket_global_stock_level":"","_global_stock_mode":"capped","_global_stock_cap":"","_tribe_rsvp_for_event":"","_tribe_ticket_going_count":"","_tribe_ticket_not_going_count":"","_tribe_tickets_list":"[]","_tribe_ticket_has_attendee_info_fields":false,"_tec_slr_enabled":"","_tec_slr_layout":""},"product_brand":[],"product_cat":[15],"product_tag":[],"class_list":{"0":"post-36429","1":"product","2":"type-product","3":"status-publish","5":"product_cat-non-classe","7":"first","8":"instock","9":"virtual","10":"taxable","11":"purchasable","12":"product-type-simple"},"acf":[],"yoast_head":"<!-- This site is optimized with the Yoast SEO Premium plugin v27.1 (Yoast SEO v27.1.1) - https:\/\/yoast.com\/product\/yoast-seo-premium-wordpress\/ -->\n<title>Formation th\u00e9orique en classe virtuelle (\u00e0 distance) - Travail en hauteur - Formation g\u00e9n\u00e9rale (12 novembre 2020) | GRAVI-T ZERO<\/title>\n<meta name=\"robots\" content=\"index, follow, max-snippet:-1, max-image-preview:large, max-video-preview:-1\" \/>\n<link rel=\"canonical\" href=\"https:\/\/gravitzero.com\/session\/formation-theorique-en-classe-virtuelle-a-distance-travail-en-hauteur-formation-generale-option-ontario-7\/\" \/>\n<meta property=\"og:locale\" content=\"en_US\" \/>\n<meta property=\"og:type\" content=\"article\" \/>\n<meta property=\"og:title\" content=\"Formation th\u00e9orique en classe virtuelle (\u00e0 distance) - Travail en hauteur - Formation g\u00e9n\u00e9rale (12 novembre 2020)\" \/>\n<meta property=\"og:url\" content=\"https:\/\/gravitzero.com\/session\/formation-theorique-en-classe-virtuelle-a-distance-travail-en-hauteur-formation-generale-option-ontario-7\/\" \/>\n<meta property=\"og:site_name\" content=\"GRAVI-T ZERO\" \/>\n<meta property=\"article:publisher\" content=\"https:\/\/www.facebook.com\/gravitzero\/\" \/>\n<meta property=\"article:modified_time\" content=\"2020-10-29T19:48:17+00:00\" \/>\n<meta name=\"twitter:card\" content=\"summary_large_image\" \/>\n<script type=\"application\/ld+json\" class=\"yoast-schema-graph\">{\"@context\":\"https:\/\/schema.org\",\"@graph\":[{\"@type\":\"WebPage\",\"@id\":\"https:\/\/gravitzero.com\/session\/formation-theorique-en-classe-virtuelle-a-distance-travail-en-hauteur-formation-generale-option-ontario-7\/\",\"url\":\"https:\/\/gravitzero.com\/session\/formation-theorique-en-classe-virtuelle-a-distance-travail-en-hauteur-formation-generale-option-ontario-7\/\",\"name\":\"Formation th\u00e9orique en classe virtuelle (\u00e0 distance) - Travail en hauteur - Formation g\u00e9n\u00e9rale (12 novembre 2020) | GRAVI-T ZERO\",\"isPartOf\":{\"@id\":\"https:\/\/gravitzero.com\/#website\"},\"datePublished\":\"2020-10-22T18:23:03+00:00\",\"dateModified\":\"2020-10-29T19:48:17+00:00\",\"breadcrumb\":{\"@id\":\"https:\/\/gravitzero.com\/session\/formation-theorique-en-classe-virtuelle-a-distance-travail-en-hauteur-formation-generale-option-ontario-7\/#breadcrumb\"},\"inLanguage\":\"en-US\",\"potentialAction\":[{\"@type\":\"ReadAction\",\"target\":[\"https:\/\/gravitzero.com\/session\/formation-theorique-en-classe-virtuelle-a-distance-travail-en-hauteur-formation-generale-option-ontario-7\/\"]}]},{\"@type\":\"BreadcrumbList\",\"@id\":\"https:\/\/gravitzero.com\/session\/formation-theorique-en-classe-virtuelle-a-distance-travail-en-hauteur-formation-generale-option-ontario-7\/#breadcrumb\",\"itemListElement\":[{\"@type\":\"ListItem\",\"position\":1,\"name\":\"Accueil\",\"item\":\"https:\/\/gravitzero.com\/\"},{\"@type\":\"ListItem\",\"position\":2,\"name\":\"Boutique &#8211; Cours en ligne\",\"item\":\"https:\/\/gravitzero.com\/boutique-cours-en-ligne\/\"},{\"@type\":\"ListItem\",\"position\":3,\"name\":\"Formation th\u00e9orique en classe virtuelle (\u00e0 distance) &#8211; Travail en hauteur &#8211; Formation g\u00e9n\u00e9rale (12 novembre 2020)\"}]},{\"@type\":\"WebSite\",\"@id\":\"https:\/\/gravitzero.com\/#website\",\"url\":\"https:\/\/gravitzero.com\/\",\"name\":\"GRAVI-T ZERO\",\"description\":\"Entreprise de formation en sant\u00e9 et s\u00e9curit\u00e9 au travail\",\"publisher\":{\"@id\":\"https:\/\/gravitzero.com\/#organization\"},\"inLanguage\":\"en-US\"},{\"@type\":\"Organization\",\"@id\":\"https:\/\/gravitzero.com\/#organization\",\"name\":\"GRAVI-T ZERO\",\"url\":\"https:\/\/gravitzero.com\/\",\"logo\":{\"@type\":\"ImageObject\",\"inLanguage\":\"en-US\",\"@id\":\"https:\/\/gravitzero.com\/#\/schema\/logo\/image\/\",\"url\":\"https:\/\/gravitzero.com\/wp-content\/uploads\/2018\/03\/logo-340-156.jpg\",\"contentUrl\":\"https:\/\/gravitzero.com\/wp-content\/uploads\/2018\/03\/logo-340-156.jpg\",\"width\":340,\"height\":156,\"caption\":\"GRAVI-T ZERO\"},\"image\":{\"@id\":\"https:\/\/gravitzero.com\/#\/schema\/logo\/image\/\"},\"sameAs\":[\"https:\/\/www.facebook.com\/gravitzero\/\"]}]}<\/script>\n<!-- \/ Yoast SEO Premium plugin. -->","yoast_head_json":{"title":"Formation th\u00e9orique en classe virtuelle (\u00e0 distance) - Travail en hauteur - Formation g\u00e9n\u00e9rale (12 novembre 2020) | GRAVI-T ZERO","robots":{"index":"index","follow":"follow","max-snippet":"max-snippet:-1","max-image-preview":"max-image-preview:large","max-video-preview":"max-video-preview:-1"},"canonical":"https:\/\/gravitzero.com\/session\/formation-theorique-en-classe-virtuelle-a-distance-travail-en-hauteur-formation-generale-option-ontario-7\/","og_locale":"en_US","og_type":"article","og_title":"Formation th\u00e9orique en classe virtuelle (\u00e0 distance) - Travail en hauteur - Formation g\u00e9n\u00e9rale (12 novembre 2020)","og_url":"https:\/\/gravitzero.com\/session\/formation-theorique-en-classe-virtuelle-a-distance-travail-en-hauteur-formation-generale-option-ontario-7\/","og_site_name":"GRAVI-T ZERO","article_publisher":"https:\/\/www.facebook.com\/gravitzero\/","article_modified_time":"2020-10-29T19:48:17+00:00","twitter_card":"summary_large_image","schema":{"@context":"https:\/\/schema.org","@graph":[{"@type":"WebPage","@id":"https:\/\/gravitzero.com\/session\/formation-theorique-en-classe-virtuelle-a-distance-travail-en-hauteur-formation-generale-option-ontario-7\/","url":"https:\/\/gravitzero.com\/session\/formation-theorique-en-classe-virtuelle-a-distance-travail-en-hauteur-formation-generale-option-ontario-7\/","name":"Formation th\u00e9orique en classe virtuelle (\u00e0 distance) - Travail en hauteur - Formation g\u00e9n\u00e9rale (12 novembre 2020) | GRAVI-T ZERO","isPartOf":{"@id":"https:\/\/gravitzero.com\/#website"},"datePublished":"2020-10-22T18:23:03+00:00","dateModified":"2020-10-29T19:48:17+00:00","breadcrumb":{"@id":"https:\/\/gravitzero.com\/session\/formation-theorique-en-classe-virtuelle-a-distance-travail-en-hauteur-formation-generale-option-ontario-7\/#breadcrumb"},"inLanguage":"en-US","potentialAction":[{"@type":"ReadAction","target":["https:\/\/gravitzero.com\/session\/formation-theorique-en-classe-virtuelle-a-distance-travail-en-hauteur-formation-generale-option-ontario-7\/"]}]},{"@type":"BreadcrumbList","@id":"https:\/\/gravitzero.com\/session\/formation-theorique-en-classe-virtuelle-a-distance-travail-en-hauteur-formation-generale-option-ontario-7\/#breadcrumb","itemListElement":[{"@type":"ListItem","position":1,"name":"Accueil","item":"https:\/\/gravitzero.com\/"},{"@type":"ListItem","position":2,"name":"Boutique &#8211; Cours en ligne","item":"https:\/\/gravitzero.com\/boutique-cours-en-ligne\/"},{"@type":"ListItem","position":3,"name":"Formation th\u00e9orique en classe virtuelle (\u00e0 distance) &#8211; Travail en hauteur &#8211; Formation g\u00e9n\u00e9rale (12 novembre 2020)"}]},{"@type":"WebSite","@id":"https:\/\/gravitzero.com\/#website","url":"https:\/\/gravitzero.com\/","name":"GRAVI-T ZERO","description":"Entreprise de formation en sant\u00e9 et s\u00e9curit\u00e9 au travail","publisher":{"@id":"https:\/\/gravitzero.com\/#organization"},"inLanguage":"en-US"},{"@type":"Organization","@id":"https:\/\/gravitzero.com\/#organization","name":"GRAVI-T ZERO","url":"https:\/\/gravitzero.com\/","logo":{"@type":"ImageObject","inLanguage":"en-US","@id":"https:\/\/gravitzero.com\/#\/schema\/logo\/image\/","url":"https:\/\/gravitzero.com\/wp-content\/uploads\/2018\/03\/logo-340-156.jpg","contentUrl":"https:\/\/gravitzero.com\/wp-content\/uploads\/2018\/03\/logo-340-156.jpg","width":340,"height":156,"caption":"GRAVI-T ZERO"},"image":{"@id":"https:\/\/gravitzero.com\/#\/schema\/logo\/image\/"},"sameAs":["https:\/\/www.facebook.com\/gravitzero\/"]}]}},"_links":{"self":[{"href":"https:\/\/gravitzero.com\/en\/wp-json\/wp\/v2\/product\/36429","targetHints":{"allow":["GET"]}}],"collection":[{"href":"https:\/\/gravitzero.com\/en\/wp-json\/wp\/v2\/product"}],"about":[{"href":"https:\/\/gravitzero.com\/en\/wp-json\/wp\/v2\/types\/product"}],"version-history":[{"count":0,"href":"https:\/\/gravitzero.com\/en\/wp-json\/wp\/v2\/product\/36429\/revisions"}],"wp:attachment":[{"href":"https:\/\/gravitzero.com\/en\/wp-json\/wp\/v2\/media?parent=36429"}],"wp:term":[{"taxonomy":"product_brand","embeddable":true,"href":"https:\/\/gravitzero.com\/en\/wp-json\/wp\/v2\/product_brand?post=36429"},{"taxonomy":"product_cat","embeddable":true,"href":"https:\/\/gravitzero.com\/en\/wp-json\/wp\/v2\/product_cat?post=36429"},{"taxonomy":"product_tag","embeddable":true,"href":"https:\/\/gravitzero.com\/en\/wp-json\/wp\/v2\/product_tag?post=36429"}],"curies":[{"name":"wp","href":"https:\/\/api.w.org\/{rel}","templated":true}]}}