{"id":49622,"date":"2022-01-13T12:47:53","date_gmt":"2022-01-13T17:47:53","guid":{"rendered":"https:\/\/gravitzero.com\/?post_type=product&#038;p=49622"},"modified":"2025-06-10T14:42:22","modified_gmt":"2025-06-10T18:42:22","slug":"chariot-a-mat-telescopique-generalites","status":"publish","type":"product","link":"https:\/\/gravitzero.com\/en\/produit\/chariot-a-mat-telescopique-generalites\/","title":{"rendered":"Chariot \u00e0 m\u00e2t t\u00e9lescopique (g\u00e9n\u00e9ralit\u00e9s) &#8211; Formation en ligne"},"content":{"rendered":"<h3>Au terme de cette formation th\u00e9orique, les participants seront initi\u00e9s aux r\u00e8gles de conduite ainsi qu\u2019\u00e0 l\u2019op\u00e9ration s\u00e9curitaire des chariots \u00e9l\u00e9vateurs \u00e0 m\u00e2t t\u00e9lescopique (aussi commun\u00e9ment appel\u00e9s SKYTRAK ou Zoom Boom).<\/h3>\n<h3>Une \u00e9valuation th\u00e9orique permettra de mesurer la compr\u00e9hension des participants.<\/h3>\n<h3>Afin de pouvoir op\u00e9rer l&#8217;\u00e9quipement, <span style=\"color: #800000;\"><strong>cette formation doit \u00eatre compl\u00e9t\u00e9e par une initiation technique des nouveaux op\u00e9rateurs ou par une s\u00e9ance de validation des habilet\u00e9s d&#8217;un op\u00e9rateur exp\u00e9riment\u00e9<\/strong><\/span>.<\/h3>\n","protected":false},"excerpt":{"rendered":"<h3>Formation en ligne sur les principes de base d&#8217;op\u00e9ration d&#8217;un chariot \u00e9l\u00e9vateur \u00e0 m\u00e2t t\u00e9lescopique.<\/h3>\n","protected":false},"featured_media":12011,"template":"","meta":{"_acf_changed":false,"_price":"80","_stock":"","_tribe_ticket_header":"","_tribe_default_ticket_provider":"","_ticket_start_date":"","_ticket_end_date":"","_tribe_ticket_show_description":"","_tribe_ticket_show_not_going":false,"_tribe_ticket_use_global_stock":"","_tribe_ticket_global_stock_level":"","_global_stock_mode":"","_global_stock_cap":"","_tribe_rsvp_for_event":"","_tribe_ticket_going_count":"","_tribe_ticket_not_going_count":"","_tribe_tickets_list":"[]","_tribe_ticket_has_attendee_info_fields":false,"_tec_slr_enabled":"","_tec_slr_layout":""},"product_brand":[],"product_cat":[15],"product_tag":[],"class_list":{"0":"post-49622","1":"product","2":"type-product","3":"status-publish","4":"has-post-thumbnail","6":"product_cat-non-classe","8":"first","9":"instock","10":"virtual","11":"sold-individually","12":"taxable","13":"purchasable","14":"product-type-course"},"acf":[],"yoast_head":"<!-- This site is optimized with the Yoast SEO Premium plugin v27.1 (Yoast SEO v27.1.1) - https:\/\/yoast.com\/product\/yoast-seo-premium-wordpress\/ -->\n<title>Chariot \u00e0 m\u00e2t t\u00e9lescopique (g\u00e9n\u00e9ralit\u00e9s) - Formation en ligne | GRAVI-T ZERO<\/title>\n<meta name=\"robots\" content=\"index, follow, max-snippet:-1, max-image-preview:large, max-video-preview:-1\" \/>\n<link rel=\"canonical\" href=\"https:\/\/gravitzero.com\/produit\/chariot-a-mat-telescopique-generalites\/\" \/>\n<meta property=\"og:locale\" content=\"en_US\" \/>\n<meta property=\"og:type\" content=\"article\" \/>\n<meta property=\"og:title\" content=\"Chariot \u00e0 m\u00e2t t\u00e9lescopique (g\u00e9n\u00e9ralit\u00e9s) - Formation en ligne\" \/>\n<meta property=\"og:description\" content=\"Formation en ligne sur les principes de base d&#039;op\u00e9ration d&#039;un chariot \u00e9l\u00e9vateur \u00e0 m\u00e2t t\u00e9lescopique.\" \/>\n<meta property=\"og:url\" content=\"https:\/\/gravitzero.com\/produit\/chariot-a-mat-telescopique-generalites\/\" \/>\n<meta property=\"og:site_name\" content=\"GRAVI-T ZERO\" \/>\n<meta property=\"article:publisher\" content=\"https:\/\/www.facebook.com\/gravitzero\/\" \/>\n<meta property=\"article:modified_time\" content=\"2025-06-10T18:42:22+00:00\" \/>\n<meta property=\"og:image\" content=\"https:\/\/gravitzero.com\/wp-content\/uploads\/2019\/10\/chariots-elevateurs-a-mat-telescopique.jpg\" \/>\n\t<meta property=\"og:image:width\" content=\"1024\" \/>\n\t<meta property=\"og:image:height\" content=\"662\" \/>\n\t<meta property=\"og:image:type\" content=\"image\/jpeg\" \/>\n<meta name=\"twitter:card\" content=\"summary_large_image\" \/>\n<script type=\"application\/ld+json\" class=\"yoast-schema-graph\">{\"@context\":\"https:\/\/schema.org\",\"@graph\":[{\"@type\":\"WebPage\",\"@id\":\"https:\/\/gravitzero.com\/produit\/chariot-a-mat-telescopique-generalites\/\",\"url\":\"https:\/\/gravitzero.com\/produit\/chariot-a-mat-telescopique-generalites\/\",\"name\":\"Chariot \u00e0 m\u00e2t t\u00e9lescopique (g\u00e9n\u00e9ralit\u00e9s) - Formation en ligne | GRAVI-T ZERO\",\"isPartOf\":{\"@id\":\"https:\/\/gravitzero.com\/#website\"},\"primaryImageOfPage\":{\"@id\":\"https:\/\/gravitzero.com\/produit\/chariot-a-mat-telescopique-generalites\/#primaryimage\"},\"image\":{\"@id\":\"https:\/\/gravitzero.com\/produit\/chariot-a-mat-telescopique-generalites\/#primaryimage\"},\"thumbnailUrl\":\"https:\/\/gravitzero.com\/wp-content\/uploads\/2019\/10\/chariots-elevateurs-a-mat-telescopique-e1747530014406.jpg\",\"datePublished\":\"2022-01-13T17:47:53+00:00\",\"dateModified\":\"2025-06-10T18:42:22+00:00\",\"breadcrumb\":{\"@id\":\"https:\/\/gravitzero.com\/produit\/chariot-a-mat-telescopique-generalites\/#breadcrumb\"},\"inLanguage\":\"en-US\",\"potentialAction\":[{\"@type\":\"ReadAction\",\"target\":[\"https:\/\/gravitzero.com\/produit\/chariot-a-mat-telescopique-generalites\/\"]}]},{\"@type\":\"ImageObject\",\"inLanguage\":\"en-US\",\"@id\":\"https:\/\/gravitzero.com\/produit\/chariot-a-mat-telescopique-generalites\/#primaryimage\",\"url\":\"https:\/\/gravitzero.com\/wp-content\/uploads\/2019\/10\/chariots-elevateurs-a-mat-telescopique-e1747530014406.jpg\",\"contentUrl\":\"https:\/\/gravitzero.com\/wp-content\/uploads\/2019\/10\/chariots-elevateurs-a-mat-telescopique-e1747530014406.jpg\",\"width\":670,\"height\":662},{\"@type\":\"BreadcrumbList\",\"@id\":\"https:\/\/gravitzero.com\/produit\/chariot-a-mat-telescopique-generalites\/#breadcrumb\",\"itemListElement\":[{\"@type\":\"ListItem\",\"position\":1,\"name\":\"Accueil\",\"item\":\"https:\/\/gravitzero.com\/\"},{\"@type\":\"ListItem\",\"position\":2,\"name\":\"Boutique &#8211; Cours en ligne\",\"item\":\"https:\/\/gravitzero.com\/boutique-cours-en-ligne\/\"},{\"@type\":\"ListItem\",\"position\":3,\"name\":\"Formation en ligne\",\"item\":\"https:\/\/gravitzero.com\/categorie-produit\/formation-en-ligne\/\"},{\"@type\":\"ListItem\",\"position\":4,\"name\":\"Chariot \u00e0 m\u00e2t t\u00e9lescopique &#8211; (G\u00e9n\u00e9ralit\u00e9s) &#8211; Formation en ligne\"}]},{\"@type\":\"WebSite\",\"@id\":\"https:\/\/gravitzero.com\/#website\",\"url\":\"https:\/\/gravitzero.com\/\",\"name\":\"GRAVI-T ZERO\",\"description\":\"Entreprise de formation en sant\u00e9 et s\u00e9curit\u00e9 au travail\",\"publisher\":{\"@id\":\"https:\/\/gravitzero.com\/#organization\"},\"inLanguage\":\"en-US\"},{\"@type\":\"Organization\",\"@id\":\"https:\/\/gravitzero.com\/#organization\",\"name\":\"GRAVI-T ZERO\",\"url\":\"https:\/\/gravitzero.com\/\",\"logo\":{\"@type\":\"ImageObject\",\"inLanguage\":\"en-US\",\"@id\":\"https:\/\/gravitzero.com\/#\/schema\/logo\/image\/\",\"url\":\"https:\/\/gravitzero.com\/wp-content\/uploads\/2018\/03\/logo-340-156.jpg\",\"contentUrl\":\"https:\/\/gravitzero.com\/wp-content\/uploads\/2018\/03\/logo-340-156.jpg\",\"width\":340,\"height\":156,\"caption\":\"GRAVI-T ZERO\"},\"image\":{\"@id\":\"https:\/\/gravitzero.com\/#\/schema\/logo\/image\/\"},\"sameAs\":[\"https:\/\/www.facebook.com\/gravitzero\/\"]}]}<\/script>\n<!-- \/ Yoast SEO Premium plugin. -->","yoast_head_json":{"title":"Chariot \u00e0 m\u00e2t t\u00e9lescopique (g\u00e9n\u00e9ralit\u00e9s) - Formation en ligne | GRAVI-T ZERO","robots":{"index":"index","follow":"follow","max-snippet":"max-snippet:-1","max-image-preview":"max-image-preview:large","max-video-preview":"max-video-preview:-1"},"canonical":"https:\/\/gravitzero.com\/produit\/chariot-a-mat-telescopique-generalites\/","og_locale":"en_US","og_type":"article","og_title":"Chariot \u00e0 m\u00e2t t\u00e9lescopique (g\u00e9n\u00e9ralit\u00e9s) - Formation en ligne","og_description":"Formation en ligne sur les principes de base d'op\u00e9ration d'un chariot \u00e9l\u00e9vateur \u00e0 m\u00e2t t\u00e9lescopique.","og_url":"https:\/\/gravitzero.com\/produit\/chariot-a-mat-telescopique-generalites\/","og_site_name":"GRAVI-T ZERO","article_publisher":"https:\/\/www.facebook.com\/gravitzero\/","article_modified_time":"2025-06-10T18:42:22+00:00","og_image":[{"width":1024,"height":662,"url":"https:\/\/gravitzero.com\/wp-content\/uploads\/2019\/10\/chariots-elevateurs-a-mat-telescopique.jpg","type":"image\/jpeg"}],"twitter_card":"summary_large_image","schema":{"@context":"https:\/\/schema.org","@graph":[{"@type":"WebPage","@id":"https:\/\/gravitzero.com\/produit\/chariot-a-mat-telescopique-generalites\/","url":"https:\/\/gravitzero.com\/produit\/chariot-a-mat-telescopique-generalites\/","name":"Chariot \u00e0 m\u00e2t t\u00e9lescopique (g\u00e9n\u00e9ralit\u00e9s) - Formation en ligne | GRAVI-T ZERO","isPartOf":{"@id":"https:\/\/gravitzero.com\/#website"},"primaryImageOfPage":{"@id":"https:\/\/gravitzero.com\/produit\/chariot-a-mat-telescopique-generalites\/#primaryimage"},"image":{"@id":"https:\/\/gravitzero.com\/produit\/chariot-a-mat-telescopique-generalites\/#primaryimage"},"thumbnailUrl":"https:\/\/gravitzero.com\/wp-content\/uploads\/2019\/10\/chariots-elevateurs-a-mat-telescopique-e1747530014406.jpg","datePublished":"2022-01-13T17:47:53+00:00","dateModified":"2025-06-10T18:42:22+00:00","breadcrumb":{"@id":"https:\/\/gravitzero.com\/produit\/chariot-a-mat-telescopique-generalites\/#breadcrumb"},"inLanguage":"en-US","potentialAction":[{"@type":"ReadAction","target":["https:\/\/gravitzero.com\/produit\/chariot-a-mat-telescopique-generalites\/"]}]},{"@type":"ImageObject","inLanguage":"en-US","@id":"https:\/\/gravitzero.com\/produit\/chariot-a-mat-telescopique-generalites\/#primaryimage","url":"https:\/\/gravitzero.com\/wp-content\/uploads\/2019\/10\/chariots-elevateurs-a-mat-telescopique-e1747530014406.jpg","contentUrl":"https:\/\/gravitzero.com\/wp-content\/uploads\/2019\/10\/chariots-elevateurs-a-mat-telescopique-e1747530014406.jpg","width":670,"height":662},{"@type":"BreadcrumbList","@id":"https:\/\/gravitzero.com\/produit\/chariot-a-mat-telescopique-generalites\/#breadcrumb","itemListElement":[{"@type":"ListItem","position":1,"name":"Accueil","item":"https:\/\/gravitzero.com\/"},{"@type":"ListItem","position":2,"name":"Boutique &#8211; Cours en ligne","item":"https:\/\/gravitzero.com\/boutique-cours-en-ligne\/"},{"@type":"ListItem","position":3,"name":"Formation en ligne","item":"https:\/\/gravitzero.com\/categorie-produit\/formation-en-ligne\/"},{"@type":"ListItem","position":4,"name":"Chariot \u00e0 m\u00e2t t\u00e9lescopique &#8211; (G\u00e9n\u00e9ralit\u00e9s) &#8211; Formation en ligne"}]},{"@type":"WebSite","@id":"https:\/\/gravitzero.com\/#website","url":"https:\/\/gravitzero.com\/","name":"GRAVI-T ZERO","description":"Entreprise de formation en sant\u00e9 et s\u00e9curit\u00e9 au travail","publisher":{"@id":"https:\/\/gravitzero.com\/#organization"},"inLanguage":"en-US"},{"@type":"Organization","@id":"https:\/\/gravitzero.com\/#organization","name":"GRAVI-T ZERO","url":"https:\/\/gravitzero.com\/","logo":{"@type":"ImageObject","inLanguage":"en-US","@id":"https:\/\/gravitzero.com\/#\/schema\/logo\/image\/","url":"https:\/\/gravitzero.com\/wp-content\/uploads\/2018\/03\/logo-340-156.jpg","contentUrl":"https:\/\/gravitzero.com\/wp-content\/uploads\/2018\/03\/logo-340-156.jpg","width":340,"height":156,"caption":"GRAVI-T ZERO"},"image":{"@id":"https:\/\/gravitzero.com\/#\/schema\/logo\/image\/"},"sameAs":["https:\/\/www.facebook.com\/gravitzero\/"]}]}},"_links":{"self":[{"href":"https:\/\/gravitzero.com\/en\/wp-json\/wp\/v2\/product\/49622","targetHints":{"allow":["GET"]}}],"collection":[{"href":"https:\/\/gravitzero.com\/en\/wp-json\/wp\/v2\/product"}],"about":[{"href":"https:\/\/gravitzero.com\/en\/wp-json\/wp\/v2\/types\/product"}],"version-history":[{"count":9,"href":"https:\/\/gravitzero.com\/en\/wp-json\/wp\/v2\/product\/49622\/revisions"}],"predecessor-version":[{"id":77122,"href":"https:\/\/gravitzero.com\/en\/wp-json\/wp\/v2\/product\/49622\/revisions\/77122"}],"wp:featuredmedia":[{"embeddable":true,"href":"https:\/\/gravitzero.com\/en\/wp-json\/wp\/v2\/media\/12011"}],"wp:attachment":[{"href":"https:\/\/gravitzero.com\/en\/wp-json\/wp\/v2\/media?parent=49622"}],"wp:term":[{"taxonomy":"product_brand","embeddable":true,"href":"https:\/\/gravitzero.com\/en\/wp-json\/wp\/v2\/product_brand?post=49622"},{"taxonomy":"product_cat","embeddable":true,"href":"https:\/\/gravitzero.com\/en\/wp-json\/wp\/v2\/product_cat?post=49622"},{"taxonomy":"product_tag","embeddable":true,"href":"https:\/\/gravitzero.com\/en\/wp-json\/wp\/v2\/product_tag?post=49622"}],"curies":[{"name":"wp","href":"https:\/\/api.w.org\/{rel}","templated":true}]}}