{"id":74788,"date":"2025-05-17T22:59:13","date_gmt":"2025-05-18T02:59:13","guid":{"rendered":"https:\/\/gravitzero.com\/?post_type=product&#038;p=74788"},"modified":"2025-07-13T16:04:17","modified_gmt":"2025-07-13T20:04:17","slug":"reglementation-de-la-nouvelle-ecosse","status":"publish","type":"product","link":"https:\/\/gravitzero.com\/en\/produit\/reglementation-de-la-nouvelle-ecosse\/","title":{"rendered":"R\u00e9glementation de la Nouvelle-\u00c9cosse &#8211; Travail en hauteur &#8211; Achat d&#8217;acc\u00e8s entreprise"},"content":{"rendered":"<p>(2 \u00e0 9 acc\u00e8s : 25% de rabais)<\/p>\n<p>(10 acc\u00e8s ou plus : 50% de rabais)<\/p>\n<p>&nbsp;<\/p>\n<p style=\"margin: 24px 0;\">Si vous souhaitez acheter un acc\u00e8s individuel, cliquez sur ce produit :<br \/>\n<a style=\"font-size: 24px; text-decoration: underline;\" href=\"https:\/\/gravitzero.com\/produit\/reglementation-de-la-nouvelle-ecosse-travail-en-hauteur-acces-individuel\/\"><br \/>\n<strong>R\u00e9glementation Nouvelle-\u00c9cosse \u2013 Acc\u00e8s individuel<\/strong><\/a><\/p>\n","protected":false},"excerpt":{"rendered":"<p>Formation en ligne de mise \u00e0 niveau aux exigences de la r\u00e9glementation de Nouvelle-\u00c9cosse en mati\u00e8re de travail en hauteur.<\/p>\n","protected":false},"featured_media":75261,"template":"","meta":{"_acf_changed":false,"_price":"20","_stock":"","_tribe_ticket_header":"","_tribe_default_ticket_provider":"","_ticket_start_date":"","_ticket_end_date":"","_tribe_ticket_show_description":"","_tribe_ticket_show_not_going":false,"_tribe_ticket_use_global_stock":"","_tribe_ticket_global_stock_level":"","_global_stock_mode":"","_global_stock_cap":"","_tribe_rsvp_for_event":"","_tribe_ticket_going_count":"","_tribe_ticket_not_going_count":"","_tribe_tickets_list":"[]","_tribe_ticket_has_attendee_info_fields":false,"_tec_slr_enabled":"","_tec_slr_layout":""},"product_brand":[],"product_cat":[2032,2041],"product_tag":[],"class_list":{"0":"post-74788","1":"product","2":"type-product","3":"status-publish","4":"has-post-thumbnail","6":"product_cat-formation-en-ligne-entreprise","7":"product_cat-travail-en-hauteur-entreprise-en-ligne","9":"first","10":"instock","11":"virtual","12":"taxable","13":"purchasable","14":"product-type-license"},"acf":[],"yoast_head":"<!-- This site is optimized with the Yoast SEO Premium plugin v27.1 (Yoast SEO v27.1.1) - https:\/\/yoast.com\/product\/yoast-seo-premium-wordpress\/ -->\n<title>R\u00e9glementation de la Nouvelle-\u00c9cosse - Travail en hauteur - Achat d&#039;acc\u00e8s entreprise | GRAVI-T ZERO<\/title>\n<meta name=\"robots\" content=\"index, follow, max-snippet:-1, max-image-preview:large, max-video-preview:-1\" \/>\n<link rel=\"canonical\" href=\"https:\/\/gravitzero.com\/produit\/reglementation-de-la-nouvelle-ecosse\/\" \/>\n<meta property=\"og:locale\" content=\"en_US\" \/>\n<meta property=\"og:type\" content=\"article\" \/>\n<meta property=\"og:title\" content=\"R\u00e9glementation de la Nouvelle-\u00c9cosse - Travail en hauteur - Achat d&#039;acc\u00e8s entreprise\" \/>\n<meta property=\"og:description\" content=\"Formation en ligne de mise \u00e0 niveau aux exigences de la r\u00e9glementation de Nouvelle-\u00c9cosse en mati\u00e8re de travail en hauteur.\" \/>\n<meta property=\"og:url\" content=\"https:\/\/gravitzero.com\/produit\/reglementation-de-la-nouvelle-ecosse\/\" \/>\n<meta property=\"og:site_name\" content=\"GRAVI-T ZERO\" \/>\n<meta property=\"article:publisher\" content=\"https:\/\/www.facebook.com\/gravitzero\/\" \/>\n<meta property=\"article:modified_time\" content=\"2025-07-13T20:04:17+00:00\" \/>\n<meta property=\"og:image\" content=\"https:\/\/gravitzero.com\/wp-content\/uploads\/2025\/05\/Reglementation-sur-le-travail-en-hauteur-en-Nouvelle-Ecosse.png\" \/>\n\t<meta property=\"og:image:width\" content=\"576\" \/>\n\t<meta property=\"og:image:height\" content=\"580\" \/>\n\t<meta property=\"og:image:type\" content=\"image\/png\" \/>\n<meta name=\"twitter:card\" content=\"summary_large_image\" \/>\n<meta name=\"twitter:label1\" content=\"Est. reading time\" \/>\n\t<meta name=\"twitter:data1\" content=\"1 minute\" \/>\n<script type=\"application\/ld+json\" class=\"yoast-schema-graph\">{\"@context\":\"https:\/\/schema.org\",\"@graph\":[{\"@type\":\"WebPage\",\"@id\":\"https:\/\/gravitzero.com\/produit\/reglementation-de-la-nouvelle-ecosse\/\",\"url\":\"https:\/\/gravitzero.com\/produit\/reglementation-de-la-nouvelle-ecosse\/\",\"name\":\"R\u00e9glementation de la Nouvelle-\u00c9cosse - Travail en hauteur - Achat d'acc\u00e8s entreprise | GRAVI-T ZERO\",\"isPartOf\":{\"@id\":\"https:\/\/gravitzero.com\/#website\"},\"primaryImageOfPage\":{\"@id\":\"https:\/\/gravitzero.com\/produit\/reglementation-de-la-nouvelle-ecosse\/#primaryimage\"},\"image\":{\"@id\":\"https:\/\/gravitzero.com\/produit\/reglementation-de-la-nouvelle-ecosse\/#primaryimage\"},\"thumbnailUrl\":\"https:\/\/gravitzero.com\/wp-content\/uploads\/2025\/05\/Reglementation-sur-le-travail-en-hauteur-en-Nouvelle-Ecosse.png\",\"datePublished\":\"2025-05-18T02:59:13+00:00\",\"dateModified\":\"2025-07-13T20:04:17+00:00\",\"breadcrumb\":{\"@id\":\"https:\/\/gravitzero.com\/produit\/reglementation-de-la-nouvelle-ecosse\/#breadcrumb\"},\"inLanguage\":\"en-US\",\"potentialAction\":[{\"@type\":\"ReadAction\",\"target\":[\"https:\/\/gravitzero.com\/produit\/reglementation-de-la-nouvelle-ecosse\/\"]}]},{\"@type\":\"ImageObject\",\"inLanguage\":\"en-US\",\"@id\":\"https:\/\/gravitzero.com\/produit\/reglementation-de-la-nouvelle-ecosse\/#primaryimage\",\"url\":\"https:\/\/gravitzero.com\/wp-content\/uploads\/2025\/05\/Reglementation-sur-le-travail-en-hauteur-en-Nouvelle-Ecosse.png\",\"contentUrl\":\"https:\/\/gravitzero.com\/wp-content\/uploads\/2025\/05\/Reglementation-sur-le-travail-en-hauteur-en-Nouvelle-Ecosse.png\",\"width\":576,\"height\":580},{\"@type\":\"BreadcrumbList\",\"@id\":\"https:\/\/gravitzero.com\/produit\/reglementation-de-la-nouvelle-ecosse\/#breadcrumb\",\"itemListElement\":[{\"@type\":\"ListItem\",\"position\":1,\"name\":\"Accueil\",\"item\":\"https:\/\/gravitzero.com\/\"},{\"@type\":\"ListItem\",\"position\":2,\"name\":\"Boutique &#8211; Cours en ligne\",\"item\":\"https:\/\/gravitzero.com\/boutique-cours-en-ligne\/\"},{\"@type\":\"ListItem\",\"position\":3,\"name\":\"Non class\u00e9\",\"item\":\"https:\/\/gravitzero.com\/categorie-produit\/non-classe\/\"},{\"@type\":\"ListItem\",\"position\":4,\"name\":\"R\u00e9glementation de la Nouvelle-\u00c9cosse &#8211; Travail en hauteur\"}]},{\"@type\":\"WebSite\",\"@id\":\"https:\/\/gravitzero.com\/#website\",\"url\":\"https:\/\/gravitzero.com\/\",\"name\":\"GRAVI-T ZERO\",\"description\":\"Entreprise de formation en sant\u00e9 et s\u00e9curit\u00e9 au travail\",\"publisher\":{\"@id\":\"https:\/\/gravitzero.com\/#organization\"},\"inLanguage\":\"en-US\"},{\"@type\":\"Organization\",\"@id\":\"https:\/\/gravitzero.com\/#organization\",\"name\":\"GRAVI-T ZERO\",\"url\":\"https:\/\/gravitzero.com\/\",\"logo\":{\"@type\":\"ImageObject\",\"inLanguage\":\"en-US\",\"@id\":\"https:\/\/gravitzero.com\/#\/schema\/logo\/image\/\",\"url\":\"https:\/\/gravitzero.com\/wp-content\/uploads\/2018\/03\/logo-340-156.jpg\",\"contentUrl\":\"https:\/\/gravitzero.com\/wp-content\/uploads\/2018\/03\/logo-340-156.jpg\",\"width\":340,\"height\":156,\"caption\":\"GRAVI-T ZERO\"},\"image\":{\"@id\":\"https:\/\/gravitzero.com\/#\/schema\/logo\/image\/\"},\"sameAs\":[\"https:\/\/www.facebook.com\/gravitzero\/\"]}]}<\/script>\n<!-- \/ Yoast SEO Premium plugin. -->","yoast_head_json":{"title":"R\u00e9glementation de la Nouvelle-\u00c9cosse - Travail en hauteur - Achat d'acc\u00e8s entreprise | GRAVI-T ZERO","robots":{"index":"index","follow":"follow","max-snippet":"max-snippet:-1","max-image-preview":"max-image-preview:large","max-video-preview":"max-video-preview:-1"},"canonical":"https:\/\/gravitzero.com\/produit\/reglementation-de-la-nouvelle-ecosse\/","og_locale":"en_US","og_type":"article","og_title":"R\u00e9glementation de la Nouvelle-\u00c9cosse - Travail en hauteur - Achat d'acc\u00e8s entreprise","og_description":"Formation en ligne de mise \u00e0 niveau aux exigences de la r\u00e9glementation de Nouvelle-\u00c9cosse en mati\u00e8re de travail en hauteur.","og_url":"https:\/\/gravitzero.com\/produit\/reglementation-de-la-nouvelle-ecosse\/","og_site_name":"GRAVI-T ZERO","article_publisher":"https:\/\/www.facebook.com\/gravitzero\/","article_modified_time":"2025-07-13T20:04:17+00:00","og_image":[{"width":576,"height":580,"url":"https:\/\/gravitzero.com\/wp-content\/uploads\/2025\/05\/Reglementation-sur-le-travail-en-hauteur-en-Nouvelle-Ecosse.png","type":"image\/png"}],"twitter_card":"summary_large_image","twitter_misc":{"Est. reading time":"1 minute"},"schema":{"@context":"https:\/\/schema.org","@graph":[{"@type":"WebPage","@id":"https:\/\/gravitzero.com\/produit\/reglementation-de-la-nouvelle-ecosse\/","url":"https:\/\/gravitzero.com\/produit\/reglementation-de-la-nouvelle-ecosse\/","name":"R\u00e9glementation de la Nouvelle-\u00c9cosse - Travail en hauteur - Achat d'acc\u00e8s entreprise | GRAVI-T ZERO","isPartOf":{"@id":"https:\/\/gravitzero.com\/#website"},"primaryImageOfPage":{"@id":"https:\/\/gravitzero.com\/produit\/reglementation-de-la-nouvelle-ecosse\/#primaryimage"},"image":{"@id":"https:\/\/gravitzero.com\/produit\/reglementation-de-la-nouvelle-ecosse\/#primaryimage"},"thumbnailUrl":"https:\/\/gravitzero.com\/wp-content\/uploads\/2025\/05\/Reglementation-sur-le-travail-en-hauteur-en-Nouvelle-Ecosse.png","datePublished":"2025-05-18T02:59:13+00:00","dateModified":"2025-07-13T20:04:17+00:00","breadcrumb":{"@id":"https:\/\/gravitzero.com\/produit\/reglementation-de-la-nouvelle-ecosse\/#breadcrumb"},"inLanguage":"en-US","potentialAction":[{"@type":"ReadAction","target":["https:\/\/gravitzero.com\/produit\/reglementation-de-la-nouvelle-ecosse\/"]}]},{"@type":"ImageObject","inLanguage":"en-US","@id":"https:\/\/gravitzero.com\/produit\/reglementation-de-la-nouvelle-ecosse\/#primaryimage","url":"https:\/\/gravitzero.com\/wp-content\/uploads\/2025\/05\/Reglementation-sur-le-travail-en-hauteur-en-Nouvelle-Ecosse.png","contentUrl":"https:\/\/gravitzero.com\/wp-content\/uploads\/2025\/05\/Reglementation-sur-le-travail-en-hauteur-en-Nouvelle-Ecosse.png","width":576,"height":580},{"@type":"BreadcrumbList","@id":"https:\/\/gravitzero.com\/produit\/reglementation-de-la-nouvelle-ecosse\/#breadcrumb","itemListElement":[{"@type":"ListItem","position":1,"name":"Accueil","item":"https:\/\/gravitzero.com\/"},{"@type":"ListItem","position":2,"name":"Boutique &#8211; Cours en ligne","item":"https:\/\/gravitzero.com\/boutique-cours-en-ligne\/"},{"@type":"ListItem","position":3,"name":"Non class\u00e9","item":"https:\/\/gravitzero.com\/categorie-produit\/non-classe\/"},{"@type":"ListItem","position":4,"name":"R\u00e9glementation de la Nouvelle-\u00c9cosse &#8211; Travail en hauteur"}]},{"@type":"WebSite","@id":"https:\/\/gravitzero.com\/#website","url":"https:\/\/gravitzero.com\/","name":"GRAVI-T ZERO","description":"Entreprise de formation en sant\u00e9 et s\u00e9curit\u00e9 au travail","publisher":{"@id":"https:\/\/gravitzero.com\/#organization"},"inLanguage":"en-US"},{"@type":"Organization","@id":"https:\/\/gravitzero.com\/#organization","name":"GRAVI-T ZERO","url":"https:\/\/gravitzero.com\/","logo":{"@type":"ImageObject","inLanguage":"en-US","@id":"https:\/\/gravitzero.com\/#\/schema\/logo\/image\/","url":"https:\/\/gravitzero.com\/wp-content\/uploads\/2018\/03\/logo-340-156.jpg","contentUrl":"https:\/\/gravitzero.com\/wp-content\/uploads\/2018\/03\/logo-340-156.jpg","width":340,"height":156,"caption":"GRAVI-T ZERO"},"image":{"@id":"https:\/\/gravitzero.com\/#\/schema\/logo\/image\/"},"sameAs":["https:\/\/www.facebook.com\/gravitzero\/"]}]}},"_links":{"self":[{"href":"https:\/\/gravitzero.com\/en\/wp-json\/wp\/v2\/product\/74788","targetHints":{"allow":["GET"]}}],"collection":[{"href":"https:\/\/gravitzero.com\/en\/wp-json\/wp\/v2\/product"}],"about":[{"href":"https:\/\/gravitzero.com\/en\/wp-json\/wp\/v2\/types\/product"}],"version-history":[{"count":6,"href":"https:\/\/gravitzero.com\/en\/wp-json\/wp\/v2\/product\/74788\/revisions"}],"predecessor-version":[{"id":77901,"href":"https:\/\/gravitzero.com\/en\/wp-json\/wp\/v2\/product\/74788\/revisions\/77901"}],"wp:featuredmedia":[{"embeddable":true,"href":"https:\/\/gravitzero.com\/en\/wp-json\/wp\/v2\/media\/75261"}],"wp:attachment":[{"href":"https:\/\/gravitzero.com\/en\/wp-json\/wp\/v2\/media?parent=74788"}],"wp:term":[{"taxonomy":"product_brand","embeddable":true,"href":"https:\/\/gravitzero.com\/en\/wp-json\/wp\/v2\/product_brand?post=74788"},{"taxonomy":"product_cat","embeddable":true,"href":"https:\/\/gravitzero.com\/en\/wp-json\/wp\/v2\/product_cat?post=74788"},{"taxonomy":"product_tag","embeddable":true,"href":"https:\/\/gravitzero.com\/en\/wp-json\/wp\/v2\/product_tag?post=74788"}],"curies":[{"name":"wp","href":"https:\/\/api.w.org\/{rel}","templated":true}]}}