{"id":77306,"date":"2025-06-11T22:18:38","date_gmt":"2025-06-12T02:18:38","guid":{"rendered":"https:\/\/gravitzero.com\/?post_type=product&#038;p=77306"},"modified":"2025-08-28T14:46:02","modified_gmt":"2025-08-28T18:46:02","slug":"plateforme-de-travail-chariot-telescopique-acces-entreprise","status":"publish","type":"product","link":"https:\/\/gravitzero.com\/en\/produit\/plateforme-de-travail-chariot-telescopique-acces-entreprise\/","title":{"rendered":"Plateforme de travail + chariot t\u00e9lescopique &#8211; Entreprise"},"content":{"rendered":"<h4 data-start=\"1016\" data-end=\"1052\"><strong data-start=\"1023\" data-end=\"1052\">Objectifs de la formation<\/strong><\/h4>\n<ul>\n<li data-start=\"277\" data-end=\"316\">\n<p data-start=\"279\" data-end=\"316\"><span class=\"relative -mx-px my-[-0.2rem] rounded px-px py-[0.2rem] transition-colors duration-100 ease-in-out\">Comprendre les principes et limites d\u2019utilisation de l\u2019\u00e9quipement (chariot + plate\u2011forme).<\/span><\/p>\n<\/li>\n<li data-start=\"317\" data-end=\"356\">\n<p data-start=\"319\" data-end=\"356\"><span class=\"relative -mx-px my-[-0.2rem] rounded px-px py-[0.2rem] transition-colors duration-100 ease-in-out\">Identifier les risques associ\u00e9s \u00e0 l\u2019\u00e9l\u00e9vation de personnel.<\/span><\/p>\n<\/li>\n<li data-start=\"357\" data-end=\"396\">\n<p data-start=\"359\" data-end=\"396\"><span class=\"relative -mx-px my-[-0.2rem] rounded px-px py-[0.2rem] transition-colors duration-100 ease-in-out\">Appliquer les r\u00e8gles de s\u00e9curit\u00e9 et les bonnes pratiques li\u00e9es \u00e0 l\u2019ISO\u202f11525\u20115.<\/span><\/p>\n<\/li>\n<li data-start=\"397\" data-end=\"436\">\n<p data-start=\"399\" data-end=\"436\"><span class=\"relative -mx-px my-[-0.2rem] rounded px-px py-[0.2rem] transition-colors duration-100 ease-in-out\">R\u00e9aliser les v\u00e9rifications obligatoires avant et apr\u00e8s usage.<\/span><\/p>\n<\/li>\n<li data-start=\"437\" data-end=\"476\">\n<p data-start=\"439\" data-end=\"476\"><span class=\"relative -mx-px my-[-0.2rem] rounded px-px py-[0.2rem] transition-colors duration-100 ease-in-out\">Ma\u00eetriser les proc\u00e9dures de secours et d\u2019\u00e9vacuation.<\/span><\/p>\n<\/li>\n<\/ul>\n<p>&nbsp;<\/p>\n<p>&nbsp;<\/p>\n","protected":false},"excerpt":{"rendered":"<p>Cette formation permet de f<span class=\"relative -mx-px my-[-0.2rem] rounded px-px py-[0.2rem] transition-colors duration-100 ease-in-out\">ormer les op\u00e9rateurs \u00e0 l\u2019utilisation s\u00fbre et conforme \u00e0 la norme <strong data-start=\"66\" data-end=\"81\">ISO\u202f11525\u20115<\/strong> d\u2019une plate\u2011forme de travail mont\u00e9e sur chariot \u00e9l\u00e9vateur \u00e0 m\u00e2t t\u00e9lescopique.<\/span><\/p>\n<p><span style=\"color: #870909;\"><strong>Un volet d&#8217;initiation technique (pratique) doit compl\u00e9ter ce cours.<\/strong><\/span><\/p>\n<p>(2 \u00e0 9 acc\u00e8s : 25% de rabais)<br \/>\n(10 acc\u00e8s ou plus : 50% de rabais)<\/p>\n","protected":false},"featured_media":43546,"template":"","meta":{"_acf_changed":false,"_price":"125","_stock":"","_tribe_ticket_header":"","_tribe_default_ticket_provider":"","_ticket_start_date":"","_ticket_end_date":"","_tribe_ticket_show_description":"","_tribe_ticket_show_not_going":false,"_tribe_ticket_use_global_stock":"","_tribe_ticket_global_stock_level":"","_global_stock_mode":"","_global_stock_cap":"","_tribe_rsvp_for_event":"","_tribe_ticket_going_count":"","_tribe_ticket_not_going_count":"","_tribe_tickets_list":"[]","_tribe_ticket_has_attendee_info_fields":false,"_tec_slr_enabled":"","_tec_slr_layout":""},"product_brand":[],"product_cat":[2037,2032],"product_tag":[],"class_list":{"0":"post-77306","1":"product","2":"type-product","3":"status-publish","4":"has-post-thumbnail","6":"product_cat-chariot-telescopique-entreprise","7":"product_cat-formation-en-ligne-entreprise","9":"first","10":"instock","11":"virtual","12":"sold-individually","13":"taxable","14":"purchasable","15":"product-type-license"},"acf":[],"yoast_head":"<!-- This site is optimized with the Yoast SEO Premium plugin v27.1 (Yoast SEO v27.1.1) - https:\/\/yoast.com\/product\/yoast-seo-premium-wordpress\/ -->\n<title>Plateforme de travail + chariot t\u00e9lescopique - Entreprise | GRAVI-T ZERO<\/title>\n<meta name=\"robots\" content=\"index, follow, max-snippet:-1, max-image-preview:large, max-video-preview:-1\" \/>\n<link rel=\"canonical\" href=\"https:\/\/gravitzero.com\/produit\/plateforme-de-travail-chariot-telescopique-acces-entreprise\/\" \/>\n<meta property=\"og:locale\" content=\"en_US\" \/>\n<meta property=\"og:type\" content=\"article\" \/>\n<meta property=\"og:title\" content=\"Plateforme de travail + chariot t\u00e9lescopique - Entreprise\" \/>\n<meta property=\"og:description\" content=\"Cette formation permet de former les op\u00e9rateurs \u00e0 l\u2019utilisation s\u00fbre et conforme \u00e0 la norme ISO\u202f11525\u20115 d\u2019une plate\u2011forme de travail mont\u00e9e sur chariot \u00e9l\u00e9vateur \u00e0 m\u00e2t t\u00e9lescopique.  Un volet d&#039;initiation technique (pratique) doit compl\u00e9ter ce cours.  (2 \u00e0 9 acc\u00e8s : 25% de rabais) (10 acc\u00e8s ou plus : 50% de rabais)\" \/>\n<meta property=\"og:url\" content=\"https:\/\/gravitzero.com\/produit\/plateforme-de-travail-chariot-telescopique-acces-entreprise\/\" \/>\n<meta property=\"og:site_name\" content=\"GRAVI-T ZERO\" \/>\n<meta property=\"article:publisher\" content=\"https:\/\/www.facebook.com\/gravitzero\/\" \/>\n<meta property=\"article:modified_time\" content=\"2025-08-28T18:46:02+00:00\" \/>\n<meta property=\"og:image\" content=\"https:\/\/gravitzero.com\/wp-content\/uploads\/2021\/06\/roto-1.png\" \/>\n\t<meta property=\"og:image:width\" content=\"600\" \/>\n\t<meta property=\"og:image:height\" content=\"600\" \/>\n\t<meta property=\"og:image:type\" content=\"image\/png\" \/>\n<meta name=\"twitter:card\" content=\"summary_large_image\" \/>\n<script type=\"application\/ld+json\" class=\"yoast-schema-graph\">{\"@context\":\"https:\/\/schema.org\",\"@graph\":[{\"@type\":\"WebPage\",\"@id\":\"https:\/\/gravitzero.com\/produit\/plateforme-de-travail-chariot-telescopique-acces-entreprise\/\",\"url\":\"https:\/\/gravitzero.com\/produit\/plateforme-de-travail-chariot-telescopique-acces-entreprise\/\",\"name\":\"Plateforme de travail + chariot t\u00e9lescopique - Entreprise | GRAVI-T ZERO\",\"isPartOf\":{\"@id\":\"https:\/\/gravitzero.com\/#website\"},\"primaryImageOfPage\":{\"@id\":\"https:\/\/gravitzero.com\/produit\/plateforme-de-travail-chariot-telescopique-acces-entreprise\/#primaryimage\"},\"image\":{\"@id\":\"https:\/\/gravitzero.com\/produit\/plateforme-de-travail-chariot-telescopique-acces-entreprise\/#primaryimage\"},\"thumbnailUrl\":\"https:\/\/gravitzero.com\/wp-content\/uploads\/2021\/06\/roto-1.png\",\"datePublished\":\"2025-06-12T02:18:38+00:00\",\"dateModified\":\"2025-08-28T18:46:02+00:00\",\"breadcrumb\":{\"@id\":\"https:\/\/gravitzero.com\/produit\/plateforme-de-travail-chariot-telescopique-acces-entreprise\/#breadcrumb\"},\"inLanguage\":\"en-US\",\"potentialAction\":[{\"@type\":\"ReadAction\",\"target\":[\"https:\/\/gravitzero.com\/produit\/plateforme-de-travail-chariot-telescopique-acces-entreprise\/\"]}]},{\"@type\":\"ImageObject\",\"inLanguage\":\"en-US\",\"@id\":\"https:\/\/gravitzero.com\/produit\/plateforme-de-travail-chariot-telescopique-acces-entreprise\/#primaryimage\",\"url\":\"https:\/\/gravitzero.com\/wp-content\/uploads\/2021\/06\/roto-1.png\",\"contentUrl\":\"https:\/\/gravitzero.com\/wp-content\/uploads\/2021\/06\/roto-1.png\",\"width\":600,\"height\":600},{\"@type\":\"BreadcrumbList\",\"@id\":\"https:\/\/gravitzero.com\/produit\/plateforme-de-travail-chariot-telescopique-acces-entreprise\/#breadcrumb\",\"itemListElement\":[{\"@type\":\"ListItem\",\"position\":1,\"name\":\"Accueil\",\"item\":\"https:\/\/gravitzero.com\/\"},{\"@type\":\"ListItem\",\"position\":2,\"name\":\"Boutique &#8211; Cours en ligne\",\"item\":\"https:\/\/gravitzero.com\/boutique-cours-en-ligne\/\"},{\"@type\":\"ListItem\",\"position\":3,\"name\":\"Chariot t\u00e9lescopique - Entreprise\",\"item\":\"https:\/\/gravitzero.com\/categorie-produit\/chariot-telescopique-entreprise\/\"},{\"@type\":\"ListItem\",\"position\":4,\"name\":\"Plateforme de travail + chariot t\u00e9lescopique &#8211; Entreprise\"}]},{\"@type\":\"WebSite\",\"@id\":\"https:\/\/gravitzero.com\/#website\",\"url\":\"https:\/\/gravitzero.com\/\",\"name\":\"GRAVI-T ZERO\",\"description\":\"Entreprise de formation en sant\u00e9 et s\u00e9curit\u00e9 au travail\",\"publisher\":{\"@id\":\"https:\/\/gravitzero.com\/#organization\"},\"inLanguage\":\"en-US\"},{\"@type\":\"Organization\",\"@id\":\"https:\/\/gravitzero.com\/#organization\",\"name\":\"GRAVI-T ZERO\",\"url\":\"https:\/\/gravitzero.com\/\",\"logo\":{\"@type\":\"ImageObject\",\"inLanguage\":\"en-US\",\"@id\":\"https:\/\/gravitzero.com\/#\/schema\/logo\/image\/\",\"url\":\"https:\/\/gravitzero.com\/wp-content\/uploads\/2018\/03\/logo-340-156.jpg\",\"contentUrl\":\"https:\/\/gravitzero.com\/wp-content\/uploads\/2018\/03\/logo-340-156.jpg\",\"width\":340,\"height\":156,\"caption\":\"GRAVI-T ZERO\"},\"image\":{\"@id\":\"https:\/\/gravitzero.com\/#\/schema\/logo\/image\/\"},\"sameAs\":[\"https:\/\/www.facebook.com\/gravitzero\/\"]}]}<\/script>\n<!-- \/ Yoast SEO Premium plugin. -->","yoast_head_json":{"title":"Plateforme de travail + chariot t\u00e9lescopique - Entreprise | GRAVI-T ZERO","robots":{"index":"index","follow":"follow","max-snippet":"max-snippet:-1","max-image-preview":"max-image-preview:large","max-video-preview":"max-video-preview:-1"},"canonical":"https:\/\/gravitzero.com\/produit\/plateforme-de-travail-chariot-telescopique-acces-entreprise\/","og_locale":"en_US","og_type":"article","og_title":"Plateforme de travail + chariot t\u00e9lescopique - Entreprise","og_description":"Cette formation permet de former les op\u00e9rateurs \u00e0 l\u2019utilisation s\u00fbre et conforme \u00e0 la norme ISO\u202f11525\u20115 d\u2019une plate\u2011forme de travail mont\u00e9e sur chariot \u00e9l\u00e9vateur \u00e0 m\u00e2t t\u00e9lescopique.  Un volet d'initiation technique (pratique) doit compl\u00e9ter ce cours.  (2 \u00e0 9 acc\u00e8s : 25% de rabais) (10 acc\u00e8s ou plus : 50% de rabais)","og_url":"https:\/\/gravitzero.com\/produit\/plateforme-de-travail-chariot-telescopique-acces-entreprise\/","og_site_name":"GRAVI-T ZERO","article_publisher":"https:\/\/www.facebook.com\/gravitzero\/","article_modified_time":"2025-08-28T18:46:02+00:00","og_image":[{"width":600,"height":600,"url":"https:\/\/gravitzero.com\/wp-content\/uploads\/2021\/06\/roto-1.png","type":"image\/png"}],"twitter_card":"summary_large_image","schema":{"@context":"https:\/\/schema.org","@graph":[{"@type":"WebPage","@id":"https:\/\/gravitzero.com\/produit\/plateforme-de-travail-chariot-telescopique-acces-entreprise\/","url":"https:\/\/gravitzero.com\/produit\/plateforme-de-travail-chariot-telescopique-acces-entreprise\/","name":"Plateforme de travail + chariot t\u00e9lescopique - Entreprise | GRAVI-T ZERO","isPartOf":{"@id":"https:\/\/gravitzero.com\/#website"},"primaryImageOfPage":{"@id":"https:\/\/gravitzero.com\/produit\/plateforme-de-travail-chariot-telescopique-acces-entreprise\/#primaryimage"},"image":{"@id":"https:\/\/gravitzero.com\/produit\/plateforme-de-travail-chariot-telescopique-acces-entreprise\/#primaryimage"},"thumbnailUrl":"https:\/\/gravitzero.com\/wp-content\/uploads\/2021\/06\/roto-1.png","datePublished":"2025-06-12T02:18:38+00:00","dateModified":"2025-08-28T18:46:02+00:00","breadcrumb":{"@id":"https:\/\/gravitzero.com\/produit\/plateforme-de-travail-chariot-telescopique-acces-entreprise\/#breadcrumb"},"inLanguage":"en-US","potentialAction":[{"@type":"ReadAction","target":["https:\/\/gravitzero.com\/produit\/plateforme-de-travail-chariot-telescopique-acces-entreprise\/"]}]},{"@type":"ImageObject","inLanguage":"en-US","@id":"https:\/\/gravitzero.com\/produit\/plateforme-de-travail-chariot-telescopique-acces-entreprise\/#primaryimage","url":"https:\/\/gravitzero.com\/wp-content\/uploads\/2021\/06\/roto-1.png","contentUrl":"https:\/\/gravitzero.com\/wp-content\/uploads\/2021\/06\/roto-1.png","width":600,"height":600},{"@type":"BreadcrumbList","@id":"https:\/\/gravitzero.com\/produit\/plateforme-de-travail-chariot-telescopique-acces-entreprise\/#breadcrumb","itemListElement":[{"@type":"ListItem","position":1,"name":"Accueil","item":"https:\/\/gravitzero.com\/"},{"@type":"ListItem","position":2,"name":"Boutique &#8211; Cours en ligne","item":"https:\/\/gravitzero.com\/boutique-cours-en-ligne\/"},{"@type":"ListItem","position":3,"name":"Chariot t\u00e9lescopique - Entreprise","item":"https:\/\/gravitzero.com\/categorie-produit\/chariot-telescopique-entreprise\/"},{"@type":"ListItem","position":4,"name":"Plateforme de travail + chariot t\u00e9lescopique &#8211; Entreprise"}]},{"@type":"WebSite","@id":"https:\/\/gravitzero.com\/#website","url":"https:\/\/gravitzero.com\/","name":"GRAVI-T ZERO","description":"Entreprise de formation en sant\u00e9 et s\u00e9curit\u00e9 au travail","publisher":{"@id":"https:\/\/gravitzero.com\/#organization"},"inLanguage":"en-US"},{"@type":"Organization","@id":"https:\/\/gravitzero.com\/#organization","name":"GRAVI-T ZERO","url":"https:\/\/gravitzero.com\/","logo":{"@type":"ImageObject","inLanguage":"en-US","@id":"https:\/\/gravitzero.com\/#\/schema\/logo\/image\/","url":"https:\/\/gravitzero.com\/wp-content\/uploads\/2018\/03\/logo-340-156.jpg","contentUrl":"https:\/\/gravitzero.com\/wp-content\/uploads\/2018\/03\/logo-340-156.jpg","width":340,"height":156,"caption":"GRAVI-T ZERO"},"image":{"@id":"https:\/\/gravitzero.com\/#\/schema\/logo\/image\/"},"sameAs":["https:\/\/www.facebook.com\/gravitzero\/"]}]}},"_links":{"self":[{"href":"https:\/\/gravitzero.com\/en\/wp-json\/wp\/v2\/product\/77306","targetHints":{"allow":["GET"]}}],"collection":[{"href":"https:\/\/gravitzero.com\/en\/wp-json\/wp\/v2\/product"}],"about":[{"href":"https:\/\/gravitzero.com\/en\/wp-json\/wp\/v2\/types\/product"}],"version-history":[{"count":9,"href":"https:\/\/gravitzero.com\/en\/wp-json\/wp\/v2\/product\/77306\/revisions"}],"predecessor-version":[{"id":79186,"href":"https:\/\/gravitzero.com\/en\/wp-json\/wp\/v2\/product\/77306\/revisions\/79186"}],"wp:featuredmedia":[{"embeddable":true,"href":"https:\/\/gravitzero.com\/en\/wp-json\/wp\/v2\/media\/43546"}],"wp:attachment":[{"href":"https:\/\/gravitzero.com\/en\/wp-json\/wp\/v2\/media?parent=77306"}],"wp:term":[{"taxonomy":"product_brand","embeddable":true,"href":"https:\/\/gravitzero.com\/en\/wp-json\/wp\/v2\/product_brand?post=77306"},{"taxonomy":"product_cat","embeddable":true,"href":"https:\/\/gravitzero.com\/en\/wp-json\/wp\/v2\/product_cat?post=77306"},{"taxonomy":"product_tag","embeddable":true,"href":"https:\/\/gravitzero.com\/en\/wp-json\/wp\/v2\/product_tag?post=77306"}],"curies":[{"name":"wp","href":"https:\/\/api.w.org\/{rel}","templated":true}]}}