{"id":78767,"date":"2025-08-26T15:39:47","date_gmt":"2025-08-26T19:39:47","guid":{"rendered":"https:\/\/gravitzero.com\/?post_type=product&#038;p=78767"},"modified":"2025-09-22T15:18:09","modified_gmt":"2025-09-22T19:18:09","slug":"programme-instructeur-chargeuse-sur-roues-achat-dacces-entreprise","status":"publish","type":"product","link":"https:\/\/gravitzero.com\/en\/produit\/programme-instructeur-chargeuse-sur-roues-achat-dacces-entreprise\/","title":{"rendered":"Instructeur &#8211; Chargeuse sur roues &#8211; Entreprise"},"content":{"rendered":"<h3 data-start=\"718\" data-end=\"1068\"><strong>Objectifs:<\/strong><\/h3>\n<p data-start=\"718\" data-end=\"1068\"><strong data-start=\"721\" data-end=\"764\">Instructeur technique interne \u2013 Formation g\u00e9n\u00e9rale<\/strong><br data-start=\"764\" data-end=\"767\" \/>Cette formation compos\u00e9e d&#8217;une formation en ligne et d&#8217;une s\u00e9ance en classe, (environ 8 heures), vous donne les bases p\u00e9dagogiques essentielles pour animer des formations pratiques de mani\u00e8re s\u00e9curitaire, conforme et efficace.<\/p>\n<p data-start=\"1070\" data-end=\"1438\"><strong data-start=\"1073\" data-end=\"1122\">Chargeuse sur roues<\/strong><br data-start=\"1122\" data-end=\"1125\" \/>Cette formation en classe sur l&#8217;utilisation d&#8217;une chargeuse sur roues vous pr\u00e9sente les enjeux li\u00e9s \u00e0 une utilisation s\u00e9curitaire et conforme aux plus hauts standards.<\/p>\n<p><span style=\"color: #800000;\"><strong>Ces deux formations doivent \u00eatre suivies d&#8217;une s\u00e9ance en classe.<\/strong><\/span><\/p>\n<p>Une premi\u00e8re s\u00e9ance de 4 heures permettra de valider la comp\u00e9tence technique sur le sujet \u00e0 enseigner.<\/p>\n<p>Une seconde s\u00e9ance de 4 heures permettra de valider l&#8217;aptitude du participant \u00e0 encadrer une s\u00e9ance d&#8217;initiation technique dans un cadre s\u00e9curitaire et propice \u00e0 un apprentissage ad\u00e9quat.<\/p>\n<p><strong>La dur\u00e9e totale du programme (en ligne et en classe) est de 16 heures.<\/strong><\/p>\n","protected":false},"excerpt":{"rendered":"<p data-start=\"731\" data-end=\"928\">Programme hybride combinant la formation <strong data-start=\"721\" data-end=\"764\">Instructeur technique interne<\/strong> et la formation sur l&#8217;utilisation d&#8217;une<strong data-start=\"498\" data-end=\"558\"> Chargeuse sur roues<\/strong>.<\/p>\n<p><strong>Le groupe peut accueillir jusqu&#8217;\u00e0 4 participants.<\/strong><\/p>\n<p><span style=\"color: #870909;\"><strong>Un volet d&#8217;initiation technique (pratique) doit compl\u00e9ter ce programme.<br \/>\nCommuniquez avec nous pour en d\u00e9terminer la date.<\/strong><\/span><\/p>\n<p>(2 \u00e0 9 acc\u00e8s : 25% de rabais)<br \/>\n(10 acc\u00e8s ou plus : 50% de rabais)<\/p>\n","protected":false},"featured_media":78802,"template":"","meta":{"_acf_changed":false,"_price":"2250","_stock":"","_tribe_ticket_header":"","_tribe_default_ticket_provider":"","_ticket_start_date":"","_ticket_end_date":"","_tribe_ticket_show_description":"","_tribe_ticket_show_not_going":false,"_tribe_ticket_use_global_stock":"","_tribe_ticket_global_stock_level":"","_global_stock_mode":"","_global_stock_cap":"","_tribe_rsvp_for_event":"","_tribe_ticket_going_count":"","_tribe_ticket_not_going_count":"","_tribe_tickets_list":"[]","_tribe_ticket_has_attendee_info_fields":false,"_tec_slr_enabled":"","_tec_slr_layout":""},"product_brand":[],"product_cat":[2052,2032,2055,2046],"product_tag":[],"class_list":{"0":"post-78767","1":"product","2":"type-product","3":"status-publish","4":"has-post-thumbnail","6":"product_cat-chargeuse-compacte-entreprise","7":"product_cat-formation-en-ligne-entreprise","8":"product_cat-instructeur-technique-entreprise","9":"product_cat-programmes-combines-entreprise","11":"first","12":"instock","13":"virtual","14":"taxable","15":"purchasable","16":"product-type-license"},"acf":[],"yoast_head":"<!-- This site is optimized with the Yoast SEO Premium plugin v27.1 (Yoast SEO v27.1.1) - https:\/\/yoast.com\/product\/yoast-seo-premium-wordpress\/ -->\n<title>Instructeur - Chargeuse sur roues - Entreprise | GRAVI-T ZERO<\/title>\n<meta name=\"robots\" content=\"index, follow, max-snippet:-1, max-image-preview:large, max-video-preview:-1\" \/>\n<link rel=\"canonical\" href=\"https:\/\/gravitzero.com\/produit\/programme-instructeur-chargeuse-sur-roues-achat-dacces-entreprise\/\" \/>\n<meta property=\"og:locale\" content=\"en_US\" \/>\n<meta property=\"og:type\" content=\"article\" \/>\n<meta property=\"og:title\" content=\"Instructeur - Chargeuse sur roues - Entreprise\" \/>\n<meta property=\"og:description\" content=\"Programme hybride combinant la formation Instructeur technique interne et la formation sur l&#039;utilisation d&#039;une Chargeuse sur roues. Le groupe peut accueillir jusqu&#039;\u00e0 4 participants.  Un volet d&#039;initiation technique (pratique) doit compl\u00e9ter ce programme. Communiquez avec nous pour en d\u00e9terminer la date.  (2 \u00e0 9 acc\u00e8s : 25% de rabais) (10 acc\u00e8s ou plus : 50% de rabais)\" \/>\n<meta property=\"og:url\" content=\"https:\/\/gravitzero.com\/produit\/programme-instructeur-chargeuse-sur-roues-achat-dacces-entreprise\/\" \/>\n<meta property=\"og:site_name\" content=\"GRAVI-T ZERO\" \/>\n<meta property=\"article:publisher\" content=\"https:\/\/www.facebook.com\/gravitzero\/\" \/>\n<meta property=\"article:modified_time\" content=\"2025-09-22T19:18:09+00:00\" \/>\n<meta property=\"og:image\" content=\"https:\/\/gravitzero.com\/wp-content\/uploads\/2025\/08\/instructeur-chargeuse-sur-roues-e1756343440536.png\" \/>\n\t<meta property=\"og:image:width\" content=\"409\" \/>\n\t<meta property=\"og:image:height\" content=\"398\" \/>\n\t<meta property=\"og:image:type\" content=\"image\/png\" \/>\n<meta name=\"twitter:card\" content=\"summary_large_image\" \/>\n<meta name=\"twitter:label1\" content=\"Est. reading time\" \/>\n\t<meta name=\"twitter:data1\" content=\"1 minute\" \/>\n<script type=\"application\/ld+json\" class=\"yoast-schema-graph\">{\"@context\":\"https:\/\/schema.org\",\"@graph\":[{\"@type\":\"WebPage\",\"@id\":\"https:\/\/gravitzero.com\/produit\/programme-instructeur-chargeuse-sur-roues-achat-dacces-entreprise\/\",\"url\":\"https:\/\/gravitzero.com\/produit\/programme-instructeur-chargeuse-sur-roues-achat-dacces-entreprise\/\",\"name\":\"Instructeur - Chargeuse sur roues - Entreprise | GRAVI-T ZERO\",\"isPartOf\":{\"@id\":\"https:\/\/gravitzero.com\/#website\"},\"primaryImageOfPage\":{\"@id\":\"https:\/\/gravitzero.com\/produit\/programme-instructeur-chargeuse-sur-roues-achat-dacces-entreprise\/#primaryimage\"},\"image\":{\"@id\":\"https:\/\/gravitzero.com\/produit\/programme-instructeur-chargeuse-sur-roues-achat-dacces-entreprise\/#primaryimage\"},\"thumbnailUrl\":\"https:\/\/gravitzero.com\/wp-content\/uploads\/2025\/08\/instructeur-chargeuse-sur-roues-e1756343440536.png\",\"datePublished\":\"2025-08-26T19:39:47+00:00\",\"dateModified\":\"2025-09-22T19:18:09+00:00\",\"breadcrumb\":{\"@id\":\"https:\/\/gravitzero.com\/produit\/programme-instructeur-chargeuse-sur-roues-achat-dacces-entreprise\/#breadcrumb\"},\"inLanguage\":\"en-US\",\"potentialAction\":[{\"@type\":\"ReadAction\",\"target\":[\"https:\/\/gravitzero.com\/produit\/programme-instructeur-chargeuse-sur-roues-achat-dacces-entreprise\/\"]}]},{\"@type\":\"ImageObject\",\"inLanguage\":\"en-US\",\"@id\":\"https:\/\/gravitzero.com\/produit\/programme-instructeur-chargeuse-sur-roues-achat-dacces-entreprise\/#primaryimage\",\"url\":\"https:\/\/gravitzero.com\/wp-content\/uploads\/2025\/08\/instructeur-chargeuse-sur-roues-e1756343440536.png\",\"contentUrl\":\"https:\/\/gravitzero.com\/wp-content\/uploads\/2025\/08\/instructeur-chargeuse-sur-roues-e1756343440536.png\",\"width\":409,\"height\":398},{\"@type\":\"BreadcrumbList\",\"@id\":\"https:\/\/gravitzero.com\/produit\/programme-instructeur-chargeuse-sur-roues-achat-dacces-entreprise\/#breadcrumb\",\"itemListElement\":[{\"@type\":\"ListItem\",\"position\":1,\"name\":\"Accueil\",\"item\":\"https:\/\/gravitzero.com\/\"},{\"@type\":\"ListItem\",\"position\":2,\"name\":\"Boutique &#8211; Cours en ligne\",\"item\":\"https:\/\/gravitzero.com\/boutique-cours-en-ligne\/\"},{\"@type\":\"ListItem\",\"position\":3,\"name\":\"Chargeuse - Entreprise\",\"item\":\"https:\/\/gravitzero.com\/categorie-produit\/chargeuse-compacte-entreprise\/\"},{\"@type\":\"ListItem\",\"position\":4,\"name\":\"Instructeur &#8211; Chargeuse sur roues &#8211; Entreprise\"}]},{\"@type\":\"WebSite\",\"@id\":\"https:\/\/gravitzero.com\/#website\",\"url\":\"https:\/\/gravitzero.com\/\",\"name\":\"GRAVI-T ZERO\",\"description\":\"Entreprise de formation en sant\u00e9 et s\u00e9curit\u00e9 au travail\",\"publisher\":{\"@id\":\"https:\/\/gravitzero.com\/#organization\"},\"inLanguage\":\"en-US\"},{\"@type\":\"Organization\",\"@id\":\"https:\/\/gravitzero.com\/#organization\",\"name\":\"GRAVI-T ZERO\",\"url\":\"https:\/\/gravitzero.com\/\",\"logo\":{\"@type\":\"ImageObject\",\"inLanguage\":\"en-US\",\"@id\":\"https:\/\/gravitzero.com\/#\/schema\/logo\/image\/\",\"url\":\"https:\/\/gravitzero.com\/wp-content\/uploads\/2018\/03\/logo-340-156.jpg\",\"contentUrl\":\"https:\/\/gravitzero.com\/wp-content\/uploads\/2018\/03\/logo-340-156.jpg\",\"width\":340,\"height\":156,\"caption\":\"GRAVI-T ZERO\"},\"image\":{\"@id\":\"https:\/\/gravitzero.com\/#\/schema\/logo\/image\/\"},\"sameAs\":[\"https:\/\/www.facebook.com\/gravitzero\/\"]}]}<\/script>\n<!-- \/ Yoast SEO Premium plugin. -->","yoast_head_json":{"title":"Instructeur - Chargeuse sur roues - Entreprise | GRAVI-T ZERO","robots":{"index":"index","follow":"follow","max-snippet":"max-snippet:-1","max-image-preview":"max-image-preview:large","max-video-preview":"max-video-preview:-1"},"canonical":"https:\/\/gravitzero.com\/produit\/programme-instructeur-chargeuse-sur-roues-achat-dacces-entreprise\/","og_locale":"en_US","og_type":"article","og_title":"Instructeur - Chargeuse sur roues - Entreprise","og_description":"Programme hybride combinant la formation Instructeur technique interne et la formation sur l'utilisation d'une Chargeuse sur roues. Le groupe peut accueillir jusqu'\u00e0 4 participants.  Un volet d'initiation technique (pratique) doit compl\u00e9ter ce programme. Communiquez avec nous pour en d\u00e9terminer la date.  (2 \u00e0 9 acc\u00e8s : 25% de rabais) (10 acc\u00e8s ou plus : 50% de rabais)","og_url":"https:\/\/gravitzero.com\/produit\/programme-instructeur-chargeuse-sur-roues-achat-dacces-entreprise\/","og_site_name":"GRAVI-T ZERO","article_publisher":"https:\/\/www.facebook.com\/gravitzero\/","article_modified_time":"2025-09-22T19:18:09+00:00","og_image":[{"width":409,"height":398,"url":"https:\/\/gravitzero.com\/wp-content\/uploads\/2025\/08\/instructeur-chargeuse-sur-roues-e1756343440536.png","type":"image\/png"}],"twitter_card":"summary_large_image","twitter_misc":{"Est. reading time":"1 minute"},"schema":{"@context":"https:\/\/schema.org","@graph":[{"@type":"WebPage","@id":"https:\/\/gravitzero.com\/produit\/programme-instructeur-chargeuse-sur-roues-achat-dacces-entreprise\/","url":"https:\/\/gravitzero.com\/produit\/programme-instructeur-chargeuse-sur-roues-achat-dacces-entreprise\/","name":"Instructeur - Chargeuse sur roues - Entreprise | GRAVI-T ZERO","isPartOf":{"@id":"https:\/\/gravitzero.com\/#website"},"primaryImageOfPage":{"@id":"https:\/\/gravitzero.com\/produit\/programme-instructeur-chargeuse-sur-roues-achat-dacces-entreprise\/#primaryimage"},"image":{"@id":"https:\/\/gravitzero.com\/produit\/programme-instructeur-chargeuse-sur-roues-achat-dacces-entreprise\/#primaryimage"},"thumbnailUrl":"https:\/\/gravitzero.com\/wp-content\/uploads\/2025\/08\/instructeur-chargeuse-sur-roues-e1756343440536.png","datePublished":"2025-08-26T19:39:47+00:00","dateModified":"2025-09-22T19:18:09+00:00","breadcrumb":{"@id":"https:\/\/gravitzero.com\/produit\/programme-instructeur-chargeuse-sur-roues-achat-dacces-entreprise\/#breadcrumb"},"inLanguage":"en-US","potentialAction":[{"@type":"ReadAction","target":["https:\/\/gravitzero.com\/produit\/programme-instructeur-chargeuse-sur-roues-achat-dacces-entreprise\/"]}]},{"@type":"ImageObject","inLanguage":"en-US","@id":"https:\/\/gravitzero.com\/produit\/programme-instructeur-chargeuse-sur-roues-achat-dacces-entreprise\/#primaryimage","url":"https:\/\/gravitzero.com\/wp-content\/uploads\/2025\/08\/instructeur-chargeuse-sur-roues-e1756343440536.png","contentUrl":"https:\/\/gravitzero.com\/wp-content\/uploads\/2025\/08\/instructeur-chargeuse-sur-roues-e1756343440536.png","width":409,"height":398},{"@type":"BreadcrumbList","@id":"https:\/\/gravitzero.com\/produit\/programme-instructeur-chargeuse-sur-roues-achat-dacces-entreprise\/#breadcrumb","itemListElement":[{"@type":"ListItem","position":1,"name":"Accueil","item":"https:\/\/gravitzero.com\/"},{"@type":"ListItem","position":2,"name":"Boutique &#8211; Cours en ligne","item":"https:\/\/gravitzero.com\/boutique-cours-en-ligne\/"},{"@type":"ListItem","position":3,"name":"Chargeuse - Entreprise","item":"https:\/\/gravitzero.com\/categorie-produit\/chargeuse-compacte-entreprise\/"},{"@type":"ListItem","position":4,"name":"Instructeur &#8211; Chargeuse sur roues &#8211; Entreprise"}]},{"@type":"WebSite","@id":"https:\/\/gravitzero.com\/#website","url":"https:\/\/gravitzero.com\/","name":"GRAVI-T ZERO","description":"Entreprise de formation en sant\u00e9 et s\u00e9curit\u00e9 au travail","publisher":{"@id":"https:\/\/gravitzero.com\/#organization"},"inLanguage":"en-US"},{"@type":"Organization","@id":"https:\/\/gravitzero.com\/#organization","name":"GRAVI-T ZERO","url":"https:\/\/gravitzero.com\/","logo":{"@type":"ImageObject","inLanguage":"en-US","@id":"https:\/\/gravitzero.com\/#\/schema\/logo\/image\/","url":"https:\/\/gravitzero.com\/wp-content\/uploads\/2018\/03\/logo-340-156.jpg","contentUrl":"https:\/\/gravitzero.com\/wp-content\/uploads\/2018\/03\/logo-340-156.jpg","width":340,"height":156,"caption":"GRAVI-T ZERO"},"image":{"@id":"https:\/\/gravitzero.com\/#\/schema\/logo\/image\/"},"sameAs":["https:\/\/www.facebook.com\/gravitzero\/"]}]}},"_links":{"self":[{"href":"https:\/\/gravitzero.com\/en\/wp-json\/wp\/v2\/product\/78767","targetHints":{"allow":["GET"]}}],"collection":[{"href":"https:\/\/gravitzero.com\/en\/wp-json\/wp\/v2\/product"}],"about":[{"href":"https:\/\/gravitzero.com\/en\/wp-json\/wp\/v2\/types\/product"}],"version-history":[{"count":9,"href":"https:\/\/gravitzero.com\/en\/wp-json\/wp\/v2\/product\/78767\/revisions"}],"predecessor-version":[{"id":79850,"href":"https:\/\/gravitzero.com\/en\/wp-json\/wp\/v2\/product\/78767\/revisions\/79850"}],"wp:featuredmedia":[{"embeddable":true,"href":"https:\/\/gravitzero.com\/en\/wp-json\/wp\/v2\/media\/78802"}],"wp:attachment":[{"href":"https:\/\/gravitzero.com\/en\/wp-json\/wp\/v2\/media?parent=78767"}],"wp:term":[{"taxonomy":"product_brand","embeddable":true,"href":"https:\/\/gravitzero.com\/en\/wp-json\/wp\/v2\/product_brand?post=78767"},{"taxonomy":"product_cat","embeddable":true,"href":"https:\/\/gravitzero.com\/en\/wp-json\/wp\/v2\/product_cat?post=78767"},{"taxonomy":"product_tag","embeddable":true,"href":"https:\/\/gravitzero.com\/en\/wp-json\/wp\/v2\/product_tag?post=78767"}],"curies":[{"name":"wp","href":"https:\/\/api.w.org\/{rel}","templated":true}]}}