{"id":79232,"date":"2025-08-29T08:00:28","date_gmt":"2025-08-29T12:00:28","guid":{"rendered":"https:\/\/gravitzero.com\/?post_type=product&#038;p=79232"},"modified":"2025-08-29T09:14:23","modified_gmt":"2025-08-29T13:14:23","slug":"pont-roulant-et-elingage-elementaire-entreprise","status":"publish","type":"product","link":"https:\/\/gravitzero.com\/en\/produit\/pont-roulant-et-elingage-elementaire-entreprise\/","title":{"rendered":"Pont roulant et \u00e9lingage \u00e9l\u00e9mentaire &#8211; Entreprise"},"content":{"rendered":"<p>Formation en ligne sur l&#8217;utilisation d&#8217;un pont roulant et sur les principes d&#8217;\u00e9lingage \u00e9l\u00e9mentaires.<\/p>\n<p><span style=\"color: #7a1515;\"><strong>Un volet d&#8217;initiation technique (pratique) devrait compl\u00e9ter ce cours.<\/strong><\/span><\/p>\n","protected":false},"excerpt":{"rendered":"<p>Formation en ligne sur l&#8217;utilisation d&#8217;un pont roulant et des principes d&#8217;\u00e9lingage \u00e9l\u00e9mentaire.<\/p>\n<p>(2 \u00e0 9 acc\u00e8s : 25% de rabais)<br \/>\n(10 acc\u00e8s ou plus : 50% de rabais)<\/p>\n<p style=\"margin: 24px 0;\">Si vous souhaitez acheter un acc\u00e8s individuel, cliquez sur ce produit :<br \/>\n<a style=\"font-size: 24px; text-decoration: underline;\" href=\"https:\/\/gravitzero.com\/produit\/pont-roulant-et-elingage-elementaire-individuel\/\"><br \/>\n<strong>Pont roulant et \u00e9lingage \u00e9l\u00e9mentaire \u2013 Acc\u00e8s individuel<\/strong><br \/>\n<\/a><\/p>\n","protected":false},"featured_media":43629,"template":"","meta":{"_acf_changed":false,"_price":"80","_stock":"","_tribe_ticket_header":"","_tribe_default_ticket_provider":"","_ticket_start_date":"","_ticket_end_date":"","_tribe_ticket_show_description":"","_tribe_ticket_show_not_going":false,"_tribe_ticket_use_global_stock":"","_tribe_ticket_global_stock_level":"","_global_stock_mode":"","_global_stock_cap":"","_tribe_rsvp_for_event":"","_tribe_ticket_going_count":"","_tribe_ticket_not_going_count":"","_tribe_tickets_list":"[]","_tribe_ticket_has_attendee_info_fields":false,"_tec_slr_enabled":"","_tec_slr_layout":""},"product_brand":[],"product_cat":[2059,2032],"product_tag":[],"class_list":{"0":"post-79232","1":"product","2":"type-product","3":"status-publish","4":"has-post-thumbnail","6":"product_cat-elingage-pont-roulant-entreprise","7":"product_cat-formation-en-ligne-entreprise","9":"first","10":"instock","11":"virtual","12":"taxable","13":"purchasable","14":"product-type-license"},"acf":[],"yoast_head":"<!-- This site is optimized with the Yoast SEO Premium plugin v27.1 (Yoast SEO v27.1.1) - https:\/\/yoast.com\/product\/yoast-seo-premium-wordpress\/ -->\n<title>Pont roulant et \u00e9lingage \u00e9l\u00e9mentaire - Entreprise | GRAVI-T ZERO<\/title>\n<meta name=\"robots\" content=\"index, follow, max-snippet:-1, max-image-preview:large, max-video-preview:-1\" \/>\n<link rel=\"canonical\" href=\"https:\/\/gravitzero.com\/produit\/pont-roulant-et-elingage-elementaire-entreprise\/\" \/>\n<meta property=\"og:locale\" content=\"en_US\" \/>\n<meta property=\"og:type\" content=\"article\" \/>\n<meta property=\"og:title\" content=\"Pont roulant et \u00e9lingage \u00e9l\u00e9mentaire - Entreprise\" \/>\n<meta property=\"og:description\" content=\"Formation en ligne sur l&#039;utilisation d&#039;un pont roulant et des principes d&#039;\u00e9lingage \u00e9l\u00e9mentaire.  (2 \u00e0 9 acc\u00e8s : 25% de rabais) (10 acc\u00e8s ou plus : 50% de rabais) Si vous souhaitez acheter un acc\u00e8s individuel, cliquez sur ce produit :  Pont roulant et \u00e9lingage \u00e9l\u00e9mentaire \u2013 Acc\u00e8s individuel\" \/>\n<meta property=\"og:url\" content=\"https:\/\/gravitzero.com\/produit\/pont-roulant-et-elingage-elementaire-entreprise\/\" \/>\n<meta property=\"og:site_name\" content=\"GRAVI-T ZERO\" \/>\n<meta property=\"article:publisher\" content=\"https:\/\/www.facebook.com\/gravitzero\/\" \/>\n<meta property=\"article:modified_time\" content=\"2025-08-29T13:14:23+00:00\" \/>\n<meta property=\"og:image\" content=\"https:\/\/gravitzero.com\/wp-content\/uploads\/2021\/06\/pont-roulant-commandes-formation.jpg\" \/>\n\t<meta property=\"og:image:width\" content=\"675\" \/>\n\t<meta property=\"og:image:height\" content=\"450\" \/>\n\t<meta property=\"og:image:type\" content=\"image\/jpeg\" \/>\n<meta name=\"twitter:card\" content=\"summary_large_image\" \/>\n<script type=\"application\/ld+json\" class=\"yoast-schema-graph\">{\"@context\":\"https:\/\/schema.org\",\"@graph\":[{\"@type\":\"WebPage\",\"@id\":\"https:\/\/gravitzero.com\/produit\/pont-roulant-et-elingage-elementaire-entreprise\/\",\"url\":\"https:\/\/gravitzero.com\/produit\/pont-roulant-et-elingage-elementaire-entreprise\/\",\"name\":\"Pont roulant et \u00e9lingage \u00e9l\u00e9mentaire - Entreprise | GRAVI-T ZERO\",\"isPartOf\":{\"@id\":\"https:\/\/gravitzero.com\/#website\"},\"primaryImageOfPage\":{\"@id\":\"https:\/\/gravitzero.com\/produit\/pont-roulant-et-elingage-elementaire-entreprise\/#primaryimage\"},\"image\":{\"@id\":\"https:\/\/gravitzero.com\/produit\/pont-roulant-et-elingage-elementaire-entreprise\/#primaryimage\"},\"thumbnailUrl\":\"https:\/\/gravitzero.com\/wp-content\/uploads\/2021\/06\/pont-roulant-commandes-formation.jpg\",\"datePublished\":\"2025-08-29T12:00:28+00:00\",\"dateModified\":\"2025-08-29T13:14:23+00:00\",\"breadcrumb\":{\"@id\":\"https:\/\/gravitzero.com\/produit\/pont-roulant-et-elingage-elementaire-entreprise\/#breadcrumb\"},\"inLanguage\":\"en-US\",\"potentialAction\":[{\"@type\":\"ReadAction\",\"target\":[\"https:\/\/gravitzero.com\/produit\/pont-roulant-et-elingage-elementaire-entreprise\/\"]}]},{\"@type\":\"ImageObject\",\"inLanguage\":\"en-US\",\"@id\":\"https:\/\/gravitzero.com\/produit\/pont-roulant-et-elingage-elementaire-entreprise\/#primaryimage\",\"url\":\"https:\/\/gravitzero.com\/wp-content\/uploads\/2021\/06\/pont-roulant-commandes-formation.jpg\",\"contentUrl\":\"https:\/\/gravitzero.com\/wp-content\/uploads\/2021\/06\/pont-roulant-commandes-formation.jpg\",\"width\":675,\"height\":450},{\"@type\":\"BreadcrumbList\",\"@id\":\"https:\/\/gravitzero.com\/produit\/pont-roulant-et-elingage-elementaire-entreprise\/#breadcrumb\",\"itemListElement\":[{\"@type\":\"ListItem\",\"position\":1,\"name\":\"Accueil\",\"item\":\"https:\/\/gravitzero.com\/\"},{\"@type\":\"ListItem\",\"position\":2,\"name\":\"Boutique &#8211; Cours en ligne\",\"item\":\"https:\/\/gravitzero.com\/boutique-cours-en-ligne\/\"},{\"@type\":\"ListItem\",\"position\":3,\"name\":\"\u00c9lingage \/ Pont roulant - Entreprise\",\"item\":\"https:\/\/gravitzero.com\/categorie-produit\/elingage-pont-roulant-entreprise\/\"},{\"@type\":\"ListItem\",\"position\":4,\"name\":\"Pont roulant et \u00e9lingage \u00e9l\u00e9mentaire &#8211; Entreprise\"}]},{\"@type\":\"WebSite\",\"@id\":\"https:\/\/gravitzero.com\/#website\",\"url\":\"https:\/\/gravitzero.com\/\",\"name\":\"GRAVI-T ZERO\",\"description\":\"Entreprise de formation en sant\u00e9 et s\u00e9curit\u00e9 au travail\",\"publisher\":{\"@id\":\"https:\/\/gravitzero.com\/#organization\"},\"inLanguage\":\"en-US\"},{\"@type\":\"Organization\",\"@id\":\"https:\/\/gravitzero.com\/#organization\",\"name\":\"GRAVI-T ZERO\",\"url\":\"https:\/\/gravitzero.com\/\",\"logo\":{\"@type\":\"ImageObject\",\"inLanguage\":\"en-US\",\"@id\":\"https:\/\/gravitzero.com\/#\/schema\/logo\/image\/\",\"url\":\"https:\/\/gravitzero.com\/wp-content\/uploads\/2018\/03\/logo-340-156.jpg\",\"contentUrl\":\"https:\/\/gravitzero.com\/wp-content\/uploads\/2018\/03\/logo-340-156.jpg\",\"width\":340,\"height\":156,\"caption\":\"GRAVI-T ZERO\"},\"image\":{\"@id\":\"https:\/\/gravitzero.com\/#\/schema\/logo\/image\/\"},\"sameAs\":[\"https:\/\/www.facebook.com\/gravitzero\/\"]}]}<\/script>\n<!-- \/ Yoast SEO Premium plugin. -->","yoast_head_json":{"title":"Pont roulant et \u00e9lingage \u00e9l\u00e9mentaire - Entreprise | GRAVI-T ZERO","robots":{"index":"index","follow":"follow","max-snippet":"max-snippet:-1","max-image-preview":"max-image-preview:large","max-video-preview":"max-video-preview:-1"},"canonical":"https:\/\/gravitzero.com\/produit\/pont-roulant-et-elingage-elementaire-entreprise\/","og_locale":"en_US","og_type":"article","og_title":"Pont roulant et \u00e9lingage \u00e9l\u00e9mentaire - Entreprise","og_description":"Formation en ligne sur l'utilisation d'un pont roulant et des principes d'\u00e9lingage \u00e9l\u00e9mentaire.  (2 \u00e0 9 acc\u00e8s : 25% de rabais) (10 acc\u00e8s ou plus : 50% de rabais) Si vous souhaitez acheter un acc\u00e8s individuel, cliquez sur ce produit :  Pont roulant et \u00e9lingage \u00e9l\u00e9mentaire \u2013 Acc\u00e8s individuel","og_url":"https:\/\/gravitzero.com\/produit\/pont-roulant-et-elingage-elementaire-entreprise\/","og_site_name":"GRAVI-T ZERO","article_publisher":"https:\/\/www.facebook.com\/gravitzero\/","article_modified_time":"2025-08-29T13:14:23+00:00","og_image":[{"width":675,"height":450,"url":"https:\/\/gravitzero.com\/wp-content\/uploads\/2021\/06\/pont-roulant-commandes-formation.jpg","type":"image\/jpeg"}],"twitter_card":"summary_large_image","schema":{"@context":"https:\/\/schema.org","@graph":[{"@type":"WebPage","@id":"https:\/\/gravitzero.com\/produit\/pont-roulant-et-elingage-elementaire-entreprise\/","url":"https:\/\/gravitzero.com\/produit\/pont-roulant-et-elingage-elementaire-entreprise\/","name":"Pont roulant et \u00e9lingage \u00e9l\u00e9mentaire - Entreprise | GRAVI-T ZERO","isPartOf":{"@id":"https:\/\/gravitzero.com\/#website"},"primaryImageOfPage":{"@id":"https:\/\/gravitzero.com\/produit\/pont-roulant-et-elingage-elementaire-entreprise\/#primaryimage"},"image":{"@id":"https:\/\/gravitzero.com\/produit\/pont-roulant-et-elingage-elementaire-entreprise\/#primaryimage"},"thumbnailUrl":"https:\/\/gravitzero.com\/wp-content\/uploads\/2021\/06\/pont-roulant-commandes-formation.jpg","datePublished":"2025-08-29T12:00:28+00:00","dateModified":"2025-08-29T13:14:23+00:00","breadcrumb":{"@id":"https:\/\/gravitzero.com\/produit\/pont-roulant-et-elingage-elementaire-entreprise\/#breadcrumb"},"inLanguage":"en-US","potentialAction":[{"@type":"ReadAction","target":["https:\/\/gravitzero.com\/produit\/pont-roulant-et-elingage-elementaire-entreprise\/"]}]},{"@type":"ImageObject","inLanguage":"en-US","@id":"https:\/\/gravitzero.com\/produit\/pont-roulant-et-elingage-elementaire-entreprise\/#primaryimage","url":"https:\/\/gravitzero.com\/wp-content\/uploads\/2021\/06\/pont-roulant-commandes-formation.jpg","contentUrl":"https:\/\/gravitzero.com\/wp-content\/uploads\/2021\/06\/pont-roulant-commandes-formation.jpg","width":675,"height":450},{"@type":"BreadcrumbList","@id":"https:\/\/gravitzero.com\/produit\/pont-roulant-et-elingage-elementaire-entreprise\/#breadcrumb","itemListElement":[{"@type":"ListItem","position":1,"name":"Accueil","item":"https:\/\/gravitzero.com\/"},{"@type":"ListItem","position":2,"name":"Boutique &#8211; Cours en ligne","item":"https:\/\/gravitzero.com\/boutique-cours-en-ligne\/"},{"@type":"ListItem","position":3,"name":"\u00c9lingage \/ Pont roulant - Entreprise","item":"https:\/\/gravitzero.com\/categorie-produit\/elingage-pont-roulant-entreprise\/"},{"@type":"ListItem","position":4,"name":"Pont roulant et \u00e9lingage \u00e9l\u00e9mentaire &#8211; Entreprise"}]},{"@type":"WebSite","@id":"https:\/\/gravitzero.com\/#website","url":"https:\/\/gravitzero.com\/","name":"GRAVI-T ZERO","description":"Entreprise de formation en sant\u00e9 et s\u00e9curit\u00e9 au travail","publisher":{"@id":"https:\/\/gravitzero.com\/#organization"},"inLanguage":"en-US"},{"@type":"Organization","@id":"https:\/\/gravitzero.com\/#organization","name":"GRAVI-T ZERO","url":"https:\/\/gravitzero.com\/","logo":{"@type":"ImageObject","inLanguage":"en-US","@id":"https:\/\/gravitzero.com\/#\/schema\/logo\/image\/","url":"https:\/\/gravitzero.com\/wp-content\/uploads\/2018\/03\/logo-340-156.jpg","contentUrl":"https:\/\/gravitzero.com\/wp-content\/uploads\/2018\/03\/logo-340-156.jpg","width":340,"height":156,"caption":"GRAVI-T ZERO"},"image":{"@id":"https:\/\/gravitzero.com\/#\/schema\/logo\/image\/"},"sameAs":["https:\/\/www.facebook.com\/gravitzero\/"]}]}},"_links":{"self":[{"href":"https:\/\/gravitzero.com\/en\/wp-json\/wp\/v2\/product\/79232","targetHints":{"allow":["GET"]}}],"collection":[{"href":"https:\/\/gravitzero.com\/en\/wp-json\/wp\/v2\/product"}],"about":[{"href":"https:\/\/gravitzero.com\/en\/wp-json\/wp\/v2\/types\/product"}],"version-history":[{"count":5,"href":"https:\/\/gravitzero.com\/en\/wp-json\/wp\/v2\/product\/79232\/revisions"}],"predecessor-version":[{"id":79240,"href":"https:\/\/gravitzero.com\/en\/wp-json\/wp\/v2\/product\/79232\/revisions\/79240"}],"wp:featuredmedia":[{"embeddable":true,"href":"https:\/\/gravitzero.com\/en\/wp-json\/wp\/v2\/media\/43629"}],"wp:attachment":[{"href":"https:\/\/gravitzero.com\/en\/wp-json\/wp\/v2\/media?parent=79232"}],"wp:term":[{"taxonomy":"product_brand","embeddable":true,"href":"https:\/\/gravitzero.com\/en\/wp-json\/wp\/v2\/product_brand?post=79232"},{"taxonomy":"product_cat","embeddable":true,"href":"https:\/\/gravitzero.com\/en\/wp-json\/wp\/v2\/product_cat?post=79232"},{"taxonomy":"product_tag","embeddable":true,"href":"https:\/\/gravitzero.com\/en\/wp-json\/wp\/v2\/product_tag?post=79232"}],"curies":[{"name":"wp","href":"https:\/\/api.w.org\/{rel}","templated":true}]}}