{"id":79256,"date":"2025-08-30T08:58:56","date_gmt":"2025-08-30T12:58:56","guid":{"rendered":"https:\/\/gravitzero.com\/?post_type=product&#038;p=79256"},"modified":"2025-08-30T10:09:15","modified_gmt":"2025-08-30T14:09:15","slug":"programme-combine-centre-de-ski-entreprise","status":"publish","type":"product","link":"https:\/\/gravitzero.com\/en\/produit\/programme-combine-centre-de-ski-entreprise\/","title":{"rendered":"Programme &#8211; Centre de ski &#8211; Entreprise"},"content":{"rendered":"<h4 data-start=\"1016\" data-end=\"1052\"><strong data-start=\"1023\" data-end=\"1052\">Objectifs du programme<\/strong><\/h4>\n<ul>\n<li data-start=\"111\" data-end=\"235\">\n<p data-start=\"113\" data-end=\"235\"><strong data-start=\"113\" data-end=\"140\">Acc\u00e9l\u00e9rer l\u2019int\u00e9gration<\/strong> des nouveaux et saisonniers pour les rendre autonomes rapidement, malgr\u00e9 un roulement \u00e9lev\u00e9.<\/p>\n<\/li>\n<li data-start=\"236\" data-end=\"364\">\n<p data-start=\"238\" data-end=\"364\"><strong data-start=\"238\" data-end=\"263\">R\u00e9duire les incidents<\/strong> li\u00e9s au travail en hauteur, au levage et aux \u00e9nergies dangereuses gr\u00e2ce \u00e0 des pratiques homog\u00e8nes.<\/p>\n<\/li>\n<li data-start=\"365\" data-end=\"498\">\n<p data-start=\"367\" data-end=\"498\"><strong data-start=\"367\" data-end=\"398\">Standardiser les proc\u00e9dures<\/strong> sur l\u2019ensemble des sites afin d\u2019assurer une ex\u00e9cution fiable.<\/p>\n<\/li>\n<li data-start=\"499\" data-end=\"627\">\n<p data-start=\"501\" data-end=\"627\"><strong data-start=\"501\" data-end=\"545\">Garantir la conformit\u00e9 et la tra\u00e7abilit\u00e9<\/strong> : attestations nominatives, rapports d\u2019ach\u00e8vement et piste d\u2019audit centralis\u00e9e.<\/p>\n<\/li>\n<li data-start=\"628\" data-end=\"762\">\n<p data-start=\"630\" data-end=\"762\"><strong data-start=\"630\" data-end=\"670\">Assurer la continuit\u00e9 des op\u00e9rations<\/strong> malgr\u00e9 les d\u00e9parts\/remplacements (r\u00e9affectation facile des acc\u00e8s, relances automatiques).<\/p>\n<\/li>\n<li data-start=\"763\" data-end=\"878\">\n<p data-start=\"765\" data-end=\"878\"><strong data-start=\"765\" data-end=\"798\">Renforcer la culture s\u00e9curit\u00e9<\/strong> par des micro-modules, des \u00e9valuations r\u00e9guli\u00e8res et des rappels p\u00e9riodiques.<\/p>\n<\/li>\n<li data-start=\"879\" data-end=\"1007\">\n<p data-start=\"881\" data-end=\"1007\"><strong data-start=\"881\" data-end=\"929\">Optimiser les co\u00fbts et le temps de formation<\/strong> via l\u2019e-learning mobile 24\/7 (moins d\u2019immobilisation, plus de flexibilit\u00e9).<\/p>\n<\/li>\n<li data-start=\"1008\" data-end=\"1133\" data-is-last-node=\"\">\n<p data-start=\"1010\" data-end=\"1133\" data-is-last-node=\"\"><strong data-start=\"1010\" data-end=\"1043\">Pr\u00e9parer la r\u00e9ponse d\u2019urgence<\/strong> (\u00e9vacuation de remont\u00e9e) pour limiter l\u2019impact sur l\u2019exploitation et l\u2019exp\u00e9rience client.<\/p>\n<\/li>\n<\/ul>\n<h3 data-start=\"2351\" data-end=\"2374\"><strong data-start=\"2358\" data-end=\"2374\"><br \/>\nPublic cible<\/strong><\/h3>\n<p data-start=\"2376\" data-end=\"2402\">Op\u00e9rateurs et chefs d\u2019\u00e9quipe remont\u00e9es m\u00e9caniques, ateliers\/maintenance, neige, garage, HSE.<\/p>\n","protected":false},"excerpt":{"rendered":"<p data-start=\"731\" data-end=\"928\">Un parcours en ligne cl\u00e9 en main pour former rapidement vos \u00e9quipes malgr\u00e9 un fort roulement : travail en hauteur, \u00e9chelles, sauvetage\/\u00e9vacuation d\u2019une remont\u00e9e, chariot \u00e9l\u00e9vateur \u00e0 m\u00e2t t\u00e9lescopique, pont roulant, \u00e9lingage \u00e9l\u00e9mentaire et cadenassage. Micro-modules, attestations, et r\u00e9affectation facile des acc\u00e8s.<\/p>\n<p><strong><span style=\"color: #870909;\">Un volet d&#8217;initiation technique (pratique) devrait compl\u00e9ter ce programme.<\/span><\/strong><\/p>\n<p data-start=\"930\" data-end=\"1121\">Il regroupe les formations suivantes, accessibles en ligne, permettant d\u2019acqu\u00e9rir toutes les comp\u00e9tences requises pour intervenir de mani\u00e8re s\u00e9curitaire, conforme et professionnelle.<\/p>\n<p style=\"padding-left: 40px;\">1. Travail en hauteur \u2013 Formation g\u00e9n\u00e9rale<\/p>\n<p style=\"padding-left: 40px;\">2. Sauvetage en hauteur &#8211; \u00c9vacuation d&#8217;une remont\u00e9e m\u00e9canique<\/p>\n<p style=\"padding-left: 40px;\">3. Utilisation s\u00e9curitaire des \u00e9chelles et escabeaux<\/p>\n<p style=\"padding-left: 40px;\">4. Chariot \u00e9l\u00e9vateur \u00e0 m\u00e2t t\u00e9lescopique \u2013 Formation g\u00e9n\u00e9rale<\/p>\n<p style=\"padding-left: 40px;\">5. Pont roulant et \u00e9lingage \u00e9l\u00e9mentaire<\/p>\n<p style=\"padding-left: 40px;\">6. Espaces clos<\/p>\n<p style=\"padding-left: 40px;\">7. Cadenassage<\/p>\n<p>(2 \u00e0 9 acc\u00e8s : 25% de rabais)<br \/>\n(10 acc\u00e8s ou plus : 50% de rabais)<\/p>\n","protected":false},"featured_media":79258,"template":"","meta":{"_acf_changed":false,"_price":"375","_stock":"","_tribe_ticket_header":"","_tribe_default_ticket_provider":"","_ticket_start_date":"","_ticket_end_date":"","_tribe_ticket_show_description":"","_tribe_ticket_show_not_going":false,"_tribe_ticket_use_global_stock":"","_tribe_ticket_global_stock_level":"","_global_stock_mode":"","_global_stock_cap":"","_tribe_rsvp_for_event":"","_tribe_ticket_going_count":"","_tribe_ticket_not_going_count":"","_tribe_tickets_list":"[]","_tribe_ticket_has_attendee_info_fields":false,"_tec_slr_enabled":"","_tec_slr_layout":""},"product_brand":[],"product_cat":[2062,2032,2046],"product_tag":[],"class_list":{"0":"post-79256","1":"product","2":"type-product","3":"status-publish","4":"has-post-thumbnail","6":"product_cat-centre-ski-formation","7":"product_cat-formation-en-ligne-entreprise","8":"product_cat-programmes-combines-entreprise","10":"first","11":"instock","12":"virtual","13":"taxable","14":"purchasable","15":"product-type-license"},"acf":[],"yoast_head":"<!-- This site is optimized with the Yoast SEO Premium plugin v27.1 (Yoast SEO v27.1.1) - https:\/\/yoast.com\/product\/yoast-seo-premium-wordpress\/ -->\n<title>Programme - Centre de ski - Entreprise | GRAVI-T ZERO<\/title>\n<meta name=\"robots\" content=\"index, follow, max-snippet:-1, max-image-preview:large, max-video-preview:-1\" \/>\n<link rel=\"canonical\" href=\"https:\/\/gravitzero.com\/produit\/programme-combine-centre-de-ski-entreprise\/\" \/>\n<meta property=\"og:locale\" content=\"en_US\" \/>\n<meta property=\"og:type\" content=\"article\" \/>\n<meta property=\"og:title\" content=\"Programme - Centre de ski - Entreprise\" \/>\n<meta property=\"og:description\" content=\"Un parcours en ligne cl\u00e9 en main pour former rapidement vos \u00e9quipes malgr\u00e9 un fort roulement : travail en hauteur, \u00e9chelles, sauvetage\/\u00e9vacuation d\u2019une remont\u00e9e, chariot \u00e9l\u00e9vateur \u00e0 m\u00e2t t\u00e9lescopique, pont roulant, \u00e9lingage \u00e9l\u00e9mentaire et cadenassage. Micro-modules, attestations, et r\u00e9affectation facile des acc\u00e8s. Un volet d&#039;initiation technique (pratique) devrait compl\u00e9ter ce programme. Il regroupe les formations suivantes, accessibles en ligne, permettant d\u2019acqu\u00e9rir toutes les comp\u00e9tences requises pour intervenir de mani\u00e8re s\u00e9curitaire, conforme et professionnelle. 1. Travail en hauteur \u2013 Formation g\u00e9n\u00e9rale 2. Sauvetage en hauteur - \u00c9vacuation d&#039;une remont\u00e9e m\u00e9canique 3. Utilisation s\u00e9curitaire des \u00e9chelles et escabeaux 4. Chariot \u00e9l\u00e9vateur \u00e0 m\u00e2t t\u00e9lescopique \u2013 Formation g\u00e9n\u00e9rale 5. Pont roulant et \u00e9lingage \u00e9l\u00e9mentaire 6. Espaces clos 7. Cadenassage (2 \u00e0 9 acc\u00e8s : 25% de rabais) (10 acc\u00e8s ou plus : 50% de rabais)\" \/>\n<meta property=\"og:url\" content=\"https:\/\/gravitzero.com\/produit\/programme-combine-centre-de-ski-entreprise\/\" \/>\n<meta property=\"og:site_name\" content=\"GRAVI-T ZERO\" \/>\n<meta property=\"article:publisher\" content=\"https:\/\/www.facebook.com\/gravitzero\/\" \/>\n<meta property=\"article:modified_time\" content=\"2025-08-30T14:09:15+00:00\" \/>\n<meta property=\"og:image\" content=\"https:\/\/gravitzero.com\/wp-content\/uploads\/2025\/08\/centre-ski-formations.png\" \/>\n\t<meta property=\"og:image:width\" content=\"576\" \/>\n\t<meta property=\"og:image:height\" content=\"480\" \/>\n\t<meta property=\"og:image:type\" content=\"image\/png\" \/>\n<meta name=\"twitter:card\" content=\"summary_large_image\" \/>\n<meta name=\"twitter:label1\" content=\"Est. reading time\" \/>\n\t<meta name=\"twitter:data1\" content=\"1 minute\" \/>\n<script type=\"application\/ld+json\" class=\"yoast-schema-graph\">{\"@context\":\"https:\/\/schema.org\",\"@graph\":[{\"@type\":\"WebPage\",\"@id\":\"https:\/\/gravitzero.com\/produit\/programme-combine-centre-de-ski-entreprise\/\",\"url\":\"https:\/\/gravitzero.com\/produit\/programme-combine-centre-de-ski-entreprise\/\",\"name\":\"Programme - Centre de ski - Entreprise | GRAVI-T ZERO\",\"isPartOf\":{\"@id\":\"https:\/\/gravitzero.com\/#website\"},\"primaryImageOfPage\":{\"@id\":\"https:\/\/gravitzero.com\/produit\/programme-combine-centre-de-ski-entreprise\/#primaryimage\"},\"image\":{\"@id\":\"https:\/\/gravitzero.com\/produit\/programme-combine-centre-de-ski-entreprise\/#primaryimage\"},\"thumbnailUrl\":\"https:\/\/gravitzero.com\/wp-content\/uploads\/2025\/08\/centre-ski-formations.png\",\"datePublished\":\"2025-08-30T12:58:56+00:00\",\"dateModified\":\"2025-08-30T14:09:15+00:00\",\"breadcrumb\":{\"@id\":\"https:\/\/gravitzero.com\/produit\/programme-combine-centre-de-ski-entreprise\/#breadcrumb\"},\"inLanguage\":\"en-US\",\"potentialAction\":[{\"@type\":\"ReadAction\",\"target\":[\"https:\/\/gravitzero.com\/produit\/programme-combine-centre-de-ski-entreprise\/\"]}]},{\"@type\":\"ImageObject\",\"inLanguage\":\"en-US\",\"@id\":\"https:\/\/gravitzero.com\/produit\/programme-combine-centre-de-ski-entreprise\/#primaryimage\",\"url\":\"https:\/\/gravitzero.com\/wp-content\/uploads\/2025\/08\/centre-ski-formations.png\",\"contentUrl\":\"https:\/\/gravitzero.com\/wp-content\/uploads\/2025\/08\/centre-ski-formations.png\",\"width\":576,\"height\":480},{\"@type\":\"BreadcrumbList\",\"@id\":\"https:\/\/gravitzero.com\/produit\/programme-combine-centre-de-ski-entreprise\/#breadcrumb\",\"itemListElement\":[{\"@type\":\"ListItem\",\"position\":1,\"name\":\"Accueil\",\"item\":\"https:\/\/gravitzero.com\/\"},{\"@type\":\"ListItem\",\"position\":2,\"name\":\"Boutique &#8211; Cours en ligne\",\"item\":\"https:\/\/gravitzero.com\/boutique-cours-en-ligne\/\"},{\"@type\":\"ListItem\",\"position\":3,\"name\":\"Centre de ski - Entreprise\",\"item\":\"https:\/\/gravitzero.com\/categorie-produit\/centre-ski-formation\/\"},{\"@type\":\"ListItem\",\"position\":4,\"name\":\"Programme &#8211; Centre de ski &#8211; Entreprise\"}]},{\"@type\":\"WebSite\",\"@id\":\"https:\/\/gravitzero.com\/#website\",\"url\":\"https:\/\/gravitzero.com\/\",\"name\":\"GRAVI-T ZERO\",\"description\":\"Entreprise de formation en sant\u00e9 et s\u00e9curit\u00e9 au travail\",\"publisher\":{\"@id\":\"https:\/\/gravitzero.com\/#organization\"},\"inLanguage\":\"en-US\"},{\"@type\":\"Organization\",\"@id\":\"https:\/\/gravitzero.com\/#organization\",\"name\":\"GRAVI-T ZERO\",\"url\":\"https:\/\/gravitzero.com\/\",\"logo\":{\"@type\":\"ImageObject\",\"inLanguage\":\"en-US\",\"@id\":\"https:\/\/gravitzero.com\/#\/schema\/logo\/image\/\",\"url\":\"https:\/\/gravitzero.com\/wp-content\/uploads\/2018\/03\/logo-340-156.jpg\",\"contentUrl\":\"https:\/\/gravitzero.com\/wp-content\/uploads\/2018\/03\/logo-340-156.jpg\",\"width\":340,\"height\":156,\"caption\":\"GRAVI-T ZERO\"},\"image\":{\"@id\":\"https:\/\/gravitzero.com\/#\/schema\/logo\/image\/\"},\"sameAs\":[\"https:\/\/www.facebook.com\/gravitzero\/\"]}]}<\/script>\n<!-- \/ Yoast SEO Premium plugin. -->","yoast_head_json":{"title":"Programme - Centre de ski - Entreprise | GRAVI-T ZERO","robots":{"index":"index","follow":"follow","max-snippet":"max-snippet:-1","max-image-preview":"max-image-preview:large","max-video-preview":"max-video-preview:-1"},"canonical":"https:\/\/gravitzero.com\/produit\/programme-combine-centre-de-ski-entreprise\/","og_locale":"en_US","og_type":"article","og_title":"Programme - Centre de ski - Entreprise","og_description":"Un parcours en ligne cl\u00e9 en main pour former rapidement vos \u00e9quipes malgr\u00e9 un fort roulement : travail en hauteur, \u00e9chelles, sauvetage\/\u00e9vacuation d\u2019une remont\u00e9e, chariot \u00e9l\u00e9vateur \u00e0 m\u00e2t t\u00e9lescopique, pont roulant, \u00e9lingage \u00e9l\u00e9mentaire et cadenassage. Micro-modules, attestations, et r\u00e9affectation facile des acc\u00e8s. Un volet d'initiation technique (pratique) devrait compl\u00e9ter ce programme. Il regroupe les formations suivantes, accessibles en ligne, permettant d\u2019acqu\u00e9rir toutes les comp\u00e9tences requises pour intervenir de mani\u00e8re s\u00e9curitaire, conforme et professionnelle. 1. Travail en hauteur \u2013 Formation g\u00e9n\u00e9rale 2. Sauvetage en hauteur - \u00c9vacuation d'une remont\u00e9e m\u00e9canique 3. Utilisation s\u00e9curitaire des \u00e9chelles et escabeaux 4. Chariot \u00e9l\u00e9vateur \u00e0 m\u00e2t t\u00e9lescopique \u2013 Formation g\u00e9n\u00e9rale 5. Pont roulant et \u00e9lingage \u00e9l\u00e9mentaire 6. Espaces clos 7. Cadenassage (2 \u00e0 9 acc\u00e8s : 25% de rabais) (10 acc\u00e8s ou plus : 50% de rabais)","og_url":"https:\/\/gravitzero.com\/produit\/programme-combine-centre-de-ski-entreprise\/","og_site_name":"GRAVI-T ZERO","article_publisher":"https:\/\/www.facebook.com\/gravitzero\/","article_modified_time":"2025-08-30T14:09:15+00:00","og_image":[{"width":576,"height":480,"url":"https:\/\/gravitzero.com\/wp-content\/uploads\/2025\/08\/centre-ski-formations.png","type":"image\/png"}],"twitter_card":"summary_large_image","twitter_misc":{"Est. reading time":"1 minute"},"schema":{"@context":"https:\/\/schema.org","@graph":[{"@type":"WebPage","@id":"https:\/\/gravitzero.com\/produit\/programme-combine-centre-de-ski-entreprise\/","url":"https:\/\/gravitzero.com\/produit\/programme-combine-centre-de-ski-entreprise\/","name":"Programme - Centre de ski - Entreprise | GRAVI-T ZERO","isPartOf":{"@id":"https:\/\/gravitzero.com\/#website"},"primaryImageOfPage":{"@id":"https:\/\/gravitzero.com\/produit\/programme-combine-centre-de-ski-entreprise\/#primaryimage"},"image":{"@id":"https:\/\/gravitzero.com\/produit\/programme-combine-centre-de-ski-entreprise\/#primaryimage"},"thumbnailUrl":"https:\/\/gravitzero.com\/wp-content\/uploads\/2025\/08\/centre-ski-formations.png","datePublished":"2025-08-30T12:58:56+00:00","dateModified":"2025-08-30T14:09:15+00:00","breadcrumb":{"@id":"https:\/\/gravitzero.com\/produit\/programme-combine-centre-de-ski-entreprise\/#breadcrumb"},"inLanguage":"en-US","potentialAction":[{"@type":"ReadAction","target":["https:\/\/gravitzero.com\/produit\/programme-combine-centre-de-ski-entreprise\/"]}]},{"@type":"ImageObject","inLanguage":"en-US","@id":"https:\/\/gravitzero.com\/produit\/programme-combine-centre-de-ski-entreprise\/#primaryimage","url":"https:\/\/gravitzero.com\/wp-content\/uploads\/2025\/08\/centre-ski-formations.png","contentUrl":"https:\/\/gravitzero.com\/wp-content\/uploads\/2025\/08\/centre-ski-formations.png","width":576,"height":480},{"@type":"BreadcrumbList","@id":"https:\/\/gravitzero.com\/produit\/programme-combine-centre-de-ski-entreprise\/#breadcrumb","itemListElement":[{"@type":"ListItem","position":1,"name":"Accueil","item":"https:\/\/gravitzero.com\/"},{"@type":"ListItem","position":2,"name":"Boutique &#8211; Cours en ligne","item":"https:\/\/gravitzero.com\/boutique-cours-en-ligne\/"},{"@type":"ListItem","position":3,"name":"Centre de ski - Entreprise","item":"https:\/\/gravitzero.com\/categorie-produit\/centre-ski-formation\/"},{"@type":"ListItem","position":4,"name":"Programme &#8211; Centre de ski &#8211; Entreprise"}]},{"@type":"WebSite","@id":"https:\/\/gravitzero.com\/#website","url":"https:\/\/gravitzero.com\/","name":"GRAVI-T ZERO","description":"Entreprise de formation en sant\u00e9 et s\u00e9curit\u00e9 au travail","publisher":{"@id":"https:\/\/gravitzero.com\/#organization"},"inLanguage":"en-US"},{"@type":"Organization","@id":"https:\/\/gravitzero.com\/#organization","name":"GRAVI-T ZERO","url":"https:\/\/gravitzero.com\/","logo":{"@type":"ImageObject","inLanguage":"en-US","@id":"https:\/\/gravitzero.com\/#\/schema\/logo\/image\/","url":"https:\/\/gravitzero.com\/wp-content\/uploads\/2018\/03\/logo-340-156.jpg","contentUrl":"https:\/\/gravitzero.com\/wp-content\/uploads\/2018\/03\/logo-340-156.jpg","width":340,"height":156,"caption":"GRAVI-T ZERO"},"image":{"@id":"https:\/\/gravitzero.com\/#\/schema\/logo\/image\/"},"sameAs":["https:\/\/www.facebook.com\/gravitzero\/"]}]}},"_links":{"self":[{"href":"https:\/\/gravitzero.com\/en\/wp-json\/wp\/v2\/product\/79256","targetHints":{"allow":["GET"]}}],"collection":[{"href":"https:\/\/gravitzero.com\/en\/wp-json\/wp\/v2\/product"}],"about":[{"href":"https:\/\/gravitzero.com\/en\/wp-json\/wp\/v2\/types\/product"}],"version-history":[{"count":11,"href":"https:\/\/gravitzero.com\/en\/wp-json\/wp\/v2\/product\/79256\/revisions"}],"predecessor-version":[{"id":79275,"href":"https:\/\/gravitzero.com\/en\/wp-json\/wp\/v2\/product\/79256\/revisions\/79275"}],"wp:featuredmedia":[{"embeddable":true,"href":"https:\/\/gravitzero.com\/en\/wp-json\/wp\/v2\/media\/79258"}],"wp:attachment":[{"href":"https:\/\/gravitzero.com\/en\/wp-json\/wp\/v2\/media?parent=79256"}],"wp:term":[{"taxonomy":"product_brand","embeddable":true,"href":"https:\/\/gravitzero.com\/en\/wp-json\/wp\/v2\/product_brand?post=79256"},{"taxonomy":"product_cat","embeddable":true,"href":"https:\/\/gravitzero.com\/en\/wp-json\/wp\/v2\/product_cat?post=79256"},{"taxonomy":"product_tag","embeddable":true,"href":"https:\/\/gravitzero.com\/en\/wp-json\/wp\/v2\/product_tag?post=79256"}],"curies":[{"name":"wp","href":"https:\/\/api.w.org\/{rel}","templated":true}]}}