{"id":79264,"date":"2025-08-30T09:36:45","date_gmt":"2025-08-30T13:36:45","guid":{"rendered":"https:\/\/gravitzero.com\/?post_type=product&#038;p=79264"},"modified":"2025-08-30T09:45:35","modified_gmt":"2025-08-30T13:45:35","slug":"sauvetage-en-hauteur-evacuation-dune-remontee-mecanique-station-de-ski-entreprise","status":"publish","type":"product","link":"https:\/\/gravitzero.com\/en\/produit\/sauvetage-en-hauteur-evacuation-dune-remontee-mecanique-station-de-ski-entreprise\/","title":{"rendered":"Sauvetage en hauteur &#8211; \u00c9vacuation d&#8217;une remont\u00e9e m\u00e9canique (station de ski) &#8211; Entreprise"},"content":{"rendered":"<h4 data-start=\"1016\" data-end=\"1052\"><strong data-start=\"1023\" data-end=\"1052\">Objectifs de la formation<\/strong><\/h4>\n<ul data-start=\"1054\" data-end=\"1485\">\n<li data-start=\"1054\" data-end=\"1155\">\n<p data-start=\"1056\" data-end=\"1155\">Utiliser des dispositifs de sauvetage normalis\u00e9s : descendeurs, cordes, connecteurs, ancrages, etc.<\/p>\n<\/li>\n<li data-start=\"1156\" data-end=\"1244\">\n<p data-start=\"1158\" data-end=\"1244\">Effectuer une \u00e9vacuation selon les exigences r\u00e9glementaires.<\/p>\n<\/li>\n<li data-start=\"1245\" data-end=\"1297\">\n<p data-start=\"1247\" data-end=\"1297\">Mettre en place un plan d&#8217;\u00e9vacuation efficace.<\/p>\n<\/li>\n<li data-start=\"1298\" data-end=\"1400\">\n<p data-start=\"1300\" data-end=\"1400\">Former des intervenants qui peuvent agir \u00e0 distance pour \u00e9viter une double exposition au risque.<\/p>\n<\/li>\n<li data-start=\"1401\" data-end=\"1485\">\n<p data-start=\"1403\" data-end=\"1485\">Conna\u00eetre les obligations de la R\u00e9gie du b\u00e2timent du Qu\u00e9bec <a href=\"https:\/\/www.rbq.gouv.qc.ca\/lois-reglements-et-codes\/par-domaine\/remontees-mecaniques\/\"><strong data-start=\"1432\" data-end=\"1484\">Remont\u00e9es m\u00e9caniques &#8211; norme CSA Z98<\/strong><\/a>.<\/p>\n<\/li>\n<\/ul>\n","protected":false},"excerpt":{"rendered":"<p>Cette formation vous pr\u00e9pare \u00e0 ex\u00e9cuter une \u00e9vacuation rapide et s\u00e9curitaire \u00e0 l\u2019aide de dispositifs certifi\u00e9s de descente contr\u00f4l\u00e9e.<\/p>\n<p><span style=\"color: #870909;\"><strong>Un volet d&#8217;initiation technique (pratique) doit compl\u00e9ter ce cours.<\/strong><\/span><\/p>\n<p>(2 \u00e0 9 acc\u00e8s : 25% de rabais)<br \/>\n(10 acc\u00e8s ou plus : 50% de rabais)<a style=\"font-size: 24px; text-decoration: underline;\" href=\"https:\/\/gravitzero.com\/produit\/sauvetage-en-hauteur-chantier-de-construction-acces-individuel\"><br \/>\n<\/a><\/p>\n","protected":false},"featured_media":79266,"template":"","meta":{"_acf_changed":false,"_price":"40","_stock":"","_tribe_ticket_header":"","_tribe_default_ticket_provider":"","_ticket_start_date":"","_ticket_end_date":"","_tribe_ticket_show_description":"","_tribe_ticket_show_not_going":false,"_tribe_ticket_use_global_stock":"","_tribe_ticket_global_stock_level":"","_global_stock_mode":"","_global_stock_cap":"","_tribe_rsvp_for_event":"","_tribe_ticket_going_count":"","_tribe_ticket_not_going_count":"","_tribe_tickets_list":"[]","_tribe_ticket_has_attendee_info_fields":false,"_tec_slr_enabled":"","_tec_slr_layout":""},"product_brand":[],"product_cat":[2032,2042],"product_tag":[],"class_list":{"0":"post-79264","1":"product","2":"type-product","3":"status-publish","4":"has-post-thumbnail","6":"product_cat-formation-en-ligne-entreprise","7":"product_cat-sauvetage-en-hauteur-entreprise","9":"first","10":"instock","11":"virtual","12":"taxable","13":"purchasable","14":"product-type-license"},"acf":[],"yoast_head":"<!-- This site is optimized with the Yoast SEO Premium plugin v27.1 (Yoast SEO v27.1.1) - https:\/\/yoast.com\/product\/yoast-seo-premium-wordpress\/ -->\n<title>Sauvetage en hauteur - \u00c9vacuation d&#039;une remont\u00e9e m\u00e9canique (station de ski) - Entreprise | GRAVI-T ZERO<\/title>\n<meta name=\"robots\" content=\"index, follow, max-snippet:-1, max-image-preview:large, max-video-preview:-1\" \/>\n<link rel=\"canonical\" href=\"https:\/\/gravitzero.com\/produit\/sauvetage-en-hauteur-evacuation-dune-remontee-mecanique-station-de-ski-entreprise\/\" \/>\n<meta property=\"og:locale\" content=\"en_US\" \/>\n<meta property=\"og:type\" content=\"article\" \/>\n<meta property=\"og:title\" content=\"Sauvetage en hauteur - \u00c9vacuation d&#039;une remont\u00e9e m\u00e9canique (station de ski) - Entreprise\" \/>\n<meta property=\"og:description\" content=\"Cette formation vous pr\u00e9pare \u00e0 ex\u00e9cuter une \u00e9vacuation rapide et s\u00e9curitaire \u00e0 l\u2019aide de dispositifs certifi\u00e9s de descente contr\u00f4l\u00e9e.  Un volet d&#039;initiation technique (pratique) doit compl\u00e9ter ce cours.  (2 \u00e0 9 acc\u00e8s : 25% de rabais) (10 acc\u00e8s ou plus : 50% de rabais)\" \/>\n<meta property=\"og:url\" content=\"https:\/\/gravitzero.com\/produit\/sauvetage-en-hauteur-evacuation-dune-remontee-mecanique-station-de-ski-entreprise\/\" \/>\n<meta property=\"og:site_name\" content=\"GRAVI-T ZERO\" \/>\n<meta property=\"article:publisher\" content=\"https:\/\/www.facebook.com\/gravitzero\/\" \/>\n<meta property=\"article:modified_time\" content=\"2025-08-30T13:45:35+00:00\" \/>\n<meta property=\"og:image\" content=\"https:\/\/gravitzero.com\/wp-content\/uploads\/2025\/08\/evacuation-remontee-mecanique.png\" \/>\n\t<meta property=\"og:image:width\" content=\"576\" \/>\n\t<meta property=\"og:image:height\" content=\"475\" \/>\n\t<meta property=\"og:image:type\" content=\"image\/png\" \/>\n<meta name=\"twitter:card\" content=\"summary_large_image\" \/>\n<script type=\"application\/ld+json\" class=\"yoast-schema-graph\">{\"@context\":\"https:\/\/schema.org\",\"@graph\":[{\"@type\":\"WebPage\",\"@id\":\"https:\/\/gravitzero.com\/produit\/sauvetage-en-hauteur-evacuation-dune-remontee-mecanique-station-de-ski-entreprise\/\",\"url\":\"https:\/\/gravitzero.com\/produit\/sauvetage-en-hauteur-evacuation-dune-remontee-mecanique-station-de-ski-entreprise\/\",\"name\":\"Sauvetage en hauteur - \u00c9vacuation d'une remont\u00e9e m\u00e9canique (station de ski) - Entreprise | GRAVI-T ZERO\",\"isPartOf\":{\"@id\":\"https:\/\/gravitzero.com\/#website\"},\"primaryImageOfPage\":{\"@id\":\"https:\/\/gravitzero.com\/produit\/sauvetage-en-hauteur-evacuation-dune-remontee-mecanique-station-de-ski-entreprise\/#primaryimage\"},\"image\":{\"@id\":\"https:\/\/gravitzero.com\/produit\/sauvetage-en-hauteur-evacuation-dune-remontee-mecanique-station-de-ski-entreprise\/#primaryimage\"},\"thumbnailUrl\":\"https:\/\/gravitzero.com\/wp-content\/uploads\/2025\/08\/evacuation-remontee-mecanique.png\",\"datePublished\":\"2025-08-30T13:36:45+00:00\",\"dateModified\":\"2025-08-30T13:45:35+00:00\",\"breadcrumb\":{\"@id\":\"https:\/\/gravitzero.com\/produit\/sauvetage-en-hauteur-evacuation-dune-remontee-mecanique-station-de-ski-entreprise\/#breadcrumb\"},\"inLanguage\":\"en-US\",\"potentialAction\":[{\"@type\":\"ReadAction\",\"target\":[\"https:\/\/gravitzero.com\/produit\/sauvetage-en-hauteur-evacuation-dune-remontee-mecanique-station-de-ski-entreprise\/\"]}]},{\"@type\":\"ImageObject\",\"inLanguage\":\"en-US\",\"@id\":\"https:\/\/gravitzero.com\/produit\/sauvetage-en-hauteur-evacuation-dune-remontee-mecanique-station-de-ski-entreprise\/#primaryimage\",\"url\":\"https:\/\/gravitzero.com\/wp-content\/uploads\/2025\/08\/evacuation-remontee-mecanique.png\",\"contentUrl\":\"https:\/\/gravitzero.com\/wp-content\/uploads\/2025\/08\/evacuation-remontee-mecanique.png\",\"width\":576,\"height\":475},{\"@type\":\"BreadcrumbList\",\"@id\":\"https:\/\/gravitzero.com\/produit\/sauvetage-en-hauteur-evacuation-dune-remontee-mecanique-station-de-ski-entreprise\/#breadcrumb\",\"itemListElement\":[{\"@type\":\"ListItem\",\"position\":1,\"name\":\"Accueil\",\"item\":\"https:\/\/gravitzero.com\/\"},{\"@type\":\"ListItem\",\"position\":2,\"name\":\"Boutique &#8211; Cours en ligne\",\"item\":\"https:\/\/gravitzero.com\/boutique-cours-en-ligne\/\"},{\"@type\":\"ListItem\",\"position\":3,\"name\":\"Formation en ligne entreprise\",\"item\":\"https:\/\/gravitzero.com\/categorie-produit\/formation-en-ligne-entreprise\/\"},{\"@type\":\"ListItem\",\"position\":4,\"name\":\"Sauvetage en hauteur &#8211; \u00c9vacuation d&#8217;une remont\u00e9e m\u00e9canique (station de ski) &#8211; Entreprise\"}]},{\"@type\":\"WebSite\",\"@id\":\"https:\/\/gravitzero.com\/#website\",\"url\":\"https:\/\/gravitzero.com\/\",\"name\":\"GRAVI-T ZERO\",\"description\":\"Entreprise de formation en sant\u00e9 et s\u00e9curit\u00e9 au travail\",\"publisher\":{\"@id\":\"https:\/\/gravitzero.com\/#organization\"},\"inLanguage\":\"en-US\"},{\"@type\":\"Organization\",\"@id\":\"https:\/\/gravitzero.com\/#organization\",\"name\":\"GRAVI-T ZERO\",\"url\":\"https:\/\/gravitzero.com\/\",\"logo\":{\"@type\":\"ImageObject\",\"inLanguage\":\"en-US\",\"@id\":\"https:\/\/gravitzero.com\/#\/schema\/logo\/image\/\",\"url\":\"https:\/\/gravitzero.com\/wp-content\/uploads\/2018\/03\/logo-340-156.jpg\",\"contentUrl\":\"https:\/\/gravitzero.com\/wp-content\/uploads\/2018\/03\/logo-340-156.jpg\",\"width\":340,\"height\":156,\"caption\":\"GRAVI-T ZERO\"},\"image\":{\"@id\":\"https:\/\/gravitzero.com\/#\/schema\/logo\/image\/\"},\"sameAs\":[\"https:\/\/www.facebook.com\/gravitzero\/\"]}]}<\/script>\n<!-- \/ Yoast SEO Premium plugin. -->","yoast_head_json":{"title":"Sauvetage en hauteur - \u00c9vacuation d'une remont\u00e9e m\u00e9canique (station de ski) - Entreprise | GRAVI-T ZERO","robots":{"index":"index","follow":"follow","max-snippet":"max-snippet:-1","max-image-preview":"max-image-preview:large","max-video-preview":"max-video-preview:-1"},"canonical":"https:\/\/gravitzero.com\/produit\/sauvetage-en-hauteur-evacuation-dune-remontee-mecanique-station-de-ski-entreprise\/","og_locale":"en_US","og_type":"article","og_title":"Sauvetage en hauteur - \u00c9vacuation d'une remont\u00e9e m\u00e9canique (station de ski) - Entreprise","og_description":"Cette formation vous pr\u00e9pare \u00e0 ex\u00e9cuter une \u00e9vacuation rapide et s\u00e9curitaire \u00e0 l\u2019aide de dispositifs certifi\u00e9s de descente contr\u00f4l\u00e9e.  Un volet d'initiation technique (pratique) doit compl\u00e9ter ce cours.  (2 \u00e0 9 acc\u00e8s : 25% de rabais) (10 acc\u00e8s ou plus : 50% de rabais)","og_url":"https:\/\/gravitzero.com\/produit\/sauvetage-en-hauteur-evacuation-dune-remontee-mecanique-station-de-ski-entreprise\/","og_site_name":"GRAVI-T ZERO","article_publisher":"https:\/\/www.facebook.com\/gravitzero\/","article_modified_time":"2025-08-30T13:45:35+00:00","og_image":[{"width":576,"height":475,"url":"https:\/\/gravitzero.com\/wp-content\/uploads\/2025\/08\/evacuation-remontee-mecanique.png","type":"image\/png"}],"twitter_card":"summary_large_image","schema":{"@context":"https:\/\/schema.org","@graph":[{"@type":"WebPage","@id":"https:\/\/gravitzero.com\/produit\/sauvetage-en-hauteur-evacuation-dune-remontee-mecanique-station-de-ski-entreprise\/","url":"https:\/\/gravitzero.com\/produit\/sauvetage-en-hauteur-evacuation-dune-remontee-mecanique-station-de-ski-entreprise\/","name":"Sauvetage en hauteur - \u00c9vacuation d'une remont\u00e9e m\u00e9canique (station de ski) - Entreprise | GRAVI-T ZERO","isPartOf":{"@id":"https:\/\/gravitzero.com\/#website"},"primaryImageOfPage":{"@id":"https:\/\/gravitzero.com\/produit\/sauvetage-en-hauteur-evacuation-dune-remontee-mecanique-station-de-ski-entreprise\/#primaryimage"},"image":{"@id":"https:\/\/gravitzero.com\/produit\/sauvetage-en-hauteur-evacuation-dune-remontee-mecanique-station-de-ski-entreprise\/#primaryimage"},"thumbnailUrl":"https:\/\/gravitzero.com\/wp-content\/uploads\/2025\/08\/evacuation-remontee-mecanique.png","datePublished":"2025-08-30T13:36:45+00:00","dateModified":"2025-08-30T13:45:35+00:00","breadcrumb":{"@id":"https:\/\/gravitzero.com\/produit\/sauvetage-en-hauteur-evacuation-dune-remontee-mecanique-station-de-ski-entreprise\/#breadcrumb"},"inLanguage":"en-US","potentialAction":[{"@type":"ReadAction","target":["https:\/\/gravitzero.com\/produit\/sauvetage-en-hauteur-evacuation-dune-remontee-mecanique-station-de-ski-entreprise\/"]}]},{"@type":"ImageObject","inLanguage":"en-US","@id":"https:\/\/gravitzero.com\/produit\/sauvetage-en-hauteur-evacuation-dune-remontee-mecanique-station-de-ski-entreprise\/#primaryimage","url":"https:\/\/gravitzero.com\/wp-content\/uploads\/2025\/08\/evacuation-remontee-mecanique.png","contentUrl":"https:\/\/gravitzero.com\/wp-content\/uploads\/2025\/08\/evacuation-remontee-mecanique.png","width":576,"height":475},{"@type":"BreadcrumbList","@id":"https:\/\/gravitzero.com\/produit\/sauvetage-en-hauteur-evacuation-dune-remontee-mecanique-station-de-ski-entreprise\/#breadcrumb","itemListElement":[{"@type":"ListItem","position":1,"name":"Accueil","item":"https:\/\/gravitzero.com\/"},{"@type":"ListItem","position":2,"name":"Boutique &#8211; Cours en ligne","item":"https:\/\/gravitzero.com\/boutique-cours-en-ligne\/"},{"@type":"ListItem","position":3,"name":"Formation en ligne entreprise","item":"https:\/\/gravitzero.com\/categorie-produit\/formation-en-ligne-entreprise\/"},{"@type":"ListItem","position":4,"name":"Sauvetage en hauteur &#8211; \u00c9vacuation d&#8217;une remont\u00e9e m\u00e9canique (station de ski) &#8211; Entreprise"}]},{"@type":"WebSite","@id":"https:\/\/gravitzero.com\/#website","url":"https:\/\/gravitzero.com\/","name":"GRAVI-T ZERO","description":"Entreprise de formation en sant\u00e9 et s\u00e9curit\u00e9 au travail","publisher":{"@id":"https:\/\/gravitzero.com\/#organization"},"inLanguage":"en-US"},{"@type":"Organization","@id":"https:\/\/gravitzero.com\/#organization","name":"GRAVI-T ZERO","url":"https:\/\/gravitzero.com\/","logo":{"@type":"ImageObject","inLanguage":"en-US","@id":"https:\/\/gravitzero.com\/#\/schema\/logo\/image\/","url":"https:\/\/gravitzero.com\/wp-content\/uploads\/2018\/03\/logo-340-156.jpg","contentUrl":"https:\/\/gravitzero.com\/wp-content\/uploads\/2018\/03\/logo-340-156.jpg","width":340,"height":156,"caption":"GRAVI-T ZERO"},"image":{"@id":"https:\/\/gravitzero.com\/#\/schema\/logo\/image\/"},"sameAs":["https:\/\/www.facebook.com\/gravitzero\/"]}]}},"_links":{"self":[{"href":"https:\/\/gravitzero.com\/en\/wp-json\/wp\/v2\/product\/79264","targetHints":{"allow":["GET"]}}],"collection":[{"href":"https:\/\/gravitzero.com\/en\/wp-json\/wp\/v2\/product"}],"about":[{"href":"https:\/\/gravitzero.com\/en\/wp-json\/wp\/v2\/types\/product"}],"version-history":[{"count":1,"href":"https:\/\/gravitzero.com\/en\/wp-json\/wp\/v2\/product\/79264\/revisions"}],"predecessor-version":[{"id":79265,"href":"https:\/\/gravitzero.com\/en\/wp-json\/wp\/v2\/product\/79264\/revisions\/79265"}],"wp:featuredmedia":[{"embeddable":true,"href":"https:\/\/gravitzero.com\/en\/wp-json\/wp\/v2\/media\/79266"}],"wp:attachment":[{"href":"https:\/\/gravitzero.com\/en\/wp-json\/wp\/v2\/media?parent=79264"}],"wp:term":[{"taxonomy":"product_brand","embeddable":true,"href":"https:\/\/gravitzero.com\/en\/wp-json\/wp\/v2\/product_brand?post=79264"},{"taxonomy":"product_cat","embeddable":true,"href":"https:\/\/gravitzero.com\/en\/wp-json\/wp\/v2\/product_cat?post=79264"},{"taxonomy":"product_tag","embeddable":true,"href":"https:\/\/gravitzero.com\/en\/wp-json\/wp\/v2\/product_tag?post=79264"}],"curies":[{"name":"wp","href":"https:\/\/api.w.org\/{rel}","templated":true}]}}